{"id":842,"date":"2024-08-24T20:41:15","date_gmt":"2024-08-24T18:41:15","guid":{"rendered":"http:\/\/wordpress.p675077.webspaceconfig.de\/?page_id=842"},"modified":"2025-04-21T03:37:38","modified_gmt":"2025-04-21T01:37:38","slug":"wir-sind-ausgezogen","status":"publish","type":"page","link":"https:\/\/tierschutz.dachau.net\/?page_id=842","title":{"rendered":"Hunde Galerie"},"content":{"rendered":"<p>[et_pb_section fb_built=&#8220;1&#8243; _builder_version=&#8220;4.27.0&#8243; _module_preset=&#8220;default&#8220; global_colors_info=&#8220;{}&#8220;][et_pb_row _builder_version=&#8220;4.27.0&#8243; _module_preset=&#8220;default&#8220; global_colors_info=&#8220;{}&#8220;][et_pb_column type=&#8220;4_4&#8243; _builder_version=&#8220;4.27.0&#8243; _module_preset=&#8220;default&#8220; global_colors_info=&#8220;{}&#8220;][et_pb_text _builder_version=&#8220;4.27.0&#8243; _module_preset=&#8220;default&#8220; inline_fonts=&#8220;Arial&#8220; global_colors_info=&#8220;{}&#8220;]<\/p>\n<h2>W<strong>UFF<\/strong>. Wir haben einen guten Platz gefunden.<\/p>\n<\/h2>\n<h4><span style=\"font-family: Arial; font-weight: normal;\">\u00dcber die vielen Jahre seit der Gr\u00fcndung 1981 haben wir viele Tiere in gute H\u00e4nde abgeben k\u00f6nnen. Hier ein Auszug unserer ehemaligen Bewohner.<\/span><\/h4>\n<p>[\/et_pb_text][et_pb_gallery gallery_ids=&#8220;1812,27927,28663,1841,27840,28014,27841,27842,847,849,850,852,853,854,855,856,857,858,859,861,862,863,864,867,868,869,870,871,872,873,874,875,876,877,878,879,880,881,882,883,884,885,886,887,890,891,892,893,894,895,896,897,898,900,901,902,903,904,905,906,907,908,909,910,911,912&#8243; posts_number=&#8220;100&#8243; orientation=&#8220;portrait&#8220; show_title_and_caption=&#8220;off&#8220; show_pagination=&#8220;off&#8220; _builder_version=&#8220;4.27.4&#8243; _module_preset=&#8220;default&#8220; caption_font=&#8220;Arial||||||||&#8220; caption_font_size=&#8220;11px&#8220; pagination_font=&#8220;Arial||||||||&#8220; width=&#8220;100%&#8220; module_alignment=&#8220;left&#8220; animation_style=&#8220;fade&#8220; hover_enabled=&#8220;0&#8243; border_radii_image=&#8220;on|20px|20px|20px|20px&#8220; box_shadow_style_image=&#8220;preset2&#8243; global_colors_info=&#8220;{}&#8220; sticky_enabled=&#8220;0&#8243;][\/et_pb_gallery][\/et_pb_column][\/et_pb_row][et_pb_row _builder_version=&#8220;4.27.0&#8243; _module_preset=&#8220;default&#8220; global_colors_info=&#8220;{}&#8220;][et_pb_column type=&#8220;4_4&#8243; _builder_version=&#8220;4.27.0&#8243; _module_preset=&#8220;default&#8220; global_colors_info=&#8220;{}&#8220;][et_pb_text _builder_version=&#8220;4.27.0&#8243; _module_preset=&#8220;default&#8220; global_colors_info=&#8220;{}&#8220;]<\/p>\n<p>Herzlichen Dank an Stefanie Hartge f\u00fcr die zur Verf\u00fcgungstellung der Bilder: <a href=\"https:\/\/www.hundefotografie-muenchen.de\" target=\"_blank\" rel=\"noopener\" title=\"Hundefotografie M\u00fcnchen\">Hundefotografie M\u00fcnchen<\/a><\/p>\n<p>[\/et_pb_text][\/et_pb_column][\/et_pb_row][\/et_pb_section]<\/p>\n","protected":false},"excerpt":{"rendered":"<p>WUFF. Wir haben einen guten Platz gefunden. \u00dcber die vielen Jahre seit der Gr\u00fcndung 1981 haben wir viele Tiere in gute H\u00e4nde abgeben k\u00f6nnen. Hier ein Auszug unserer ehemaligen Bewohner.Herzlichen Dank an Stefanie Hartge f\u00fcr die zur Verf\u00fcgungstellung der Bilder: Hundefotografie M\u00fcnchen<\/p>\n","protected":false},"author":1,"featured_media":0,"parent":0,"menu_order":0,"comment_status":"closed","ping_status":"closed","template":"","meta":{"_et_pb_use_builder":"on","_et_pb_old_content":"","_et_gb_content_width":"","inline_featured_image":false,"footnotes":""},"class_list":["post-842","page","type-page","status-publish","hentry"],"_links":{"self":[{"href":"https:\/\/tierschutz.dachau.net\/index.php?rest_route=\/wp\/v2\/pages\/842","targetHints":{"allow":["GET"]}}],"collection":[{"href":"https:\/\/tierschutz.dachau.net\/index.php?rest_route=\/wp\/v2\/pages"}],"about":[{"href":"https:\/\/tierschutz.dachau.net\/index.php?rest_route=\/wp\/v2\/types\/page"}],"author":[{"embeddable":true,"href":"https:\/\/tierschutz.dachau.net\/index.php?rest_route=\/wp\/v2\/users\/1"}],"replies":[{"embeddable":true,"href":"https:\/\/tierschutz.dachau.net\/index.php?rest_route=%2Fwp%2Fv2%2Fcomments&post=842"}],"version-history":[{"count":22,"href":"https:\/\/tierschutz.dachau.net\/index.php?rest_route=\/wp\/v2\/pages\/842\/revisions"}],"predecessor-version":[{"id":29528,"href":"https:\/\/tierschutz.dachau.net\/index.php?rest_route=\/wp\/v2\/pages\/842\/revisions\/29528"}],"wp:attachment":[{"href":"https:\/\/tierschutz.dachau.net\/index.php?rest_route=%2Fwp%2Fv2%2Fmedia&parent=842"}],"curies":[{"name":"wp","href":"https:\/\/api.w.org\/{rel}","templated":true}]}}