{"id":524,"date":"2024-08-22T21:24:27","date_gmt":"2024-08-22T19:24:27","guid":{"rendered":"http:\/\/wordpress.p675077.webspaceconfig.de\/?page_id=524"},"modified":"2024-10-15T08:24:34","modified_gmt":"2024-10-15T06:24:34","slug":"ehrenamtliche-taetigkeit","status":"publish","type":"page","link":"https:\/\/tierschutz.dachau.net\/?page_id=524","title":{"rendered":"Ehrenamtliche T\u00e4tigkeit"},"content":{"rendered":"<p>[et_pb_section fb_built=&#8220;1&#8243; next_background_color=&#8220;#ffffff&#8220; _builder_version=&#8220;4.27.0&#8243; background_color=&#8220;#f7f7f7&#8243; use_background_color_gradient=&#8220;on&#8220; background_color_gradient_stops=&#8220;rgba(0,102,179,0.5) 0%|rgba(255,102,0,0.5) 100%&#8220; background_enable_image=&#8220;off&#8220; custom_padding=&#8220;80px|0px|120px|0px|false|false&#8220; bottom_divider_style=&#8220;ramp&#8220; global_colors_info=&#8220;{}&#8220;][et_pb_row _builder_version=&#8220;4.16&#8243; global_colors_info=&#8220;{}&#8220;][et_pb_column type=&#8220;4_4&#8243; _builder_version=&#8220;4.16&#8243; custom_padding=&#8220;|||&#8220; global_colors_info=&#8220;{}&#8220; custom_padding__hover=&#8220;|||&#8220;][et_pb_text _builder_version=&#8220;4.27.0&#8243; text_font=&#8220;||||||||&#8220; header_font=&#8220;||||||||&#8220; header_2_font=&#8220;Lora|700|||||||&#8220; header_2_font_size=&#8220;50px&#8220; header_2_line_height=&#8220;1.5em&#8220; header_5_font=&#8220;Oswald|||on|||||&#8220; header_5_text_color=&#8220;rgba(0,0,0,0.4)&#8220; header_5_font_size=&#8220;20px&#8220; header_5_letter_spacing=&#8220;3px&#8220; header_5_line_height=&#8220;1.7em&#8220; text_orientation=&#8220;center&#8220; max_width=&#8220;600px&#8220; module_alignment=&#8220;center&#8220; custom_margin=&#8220;80px||||false|false&#8220; text_line_height_last_edited=&#8220;off|desktop&#8220; header_2_font_size_tablet=&#8220;&#8220; header_2_font_size_phone=&#8220;36px&#8220; header_2_font_size_last_edited=&#8220;on|desktop&#8220; inline_fonts=&#8220;Arial&#8220; global_colors_info=&#8220;{}&#8220;]<\/p>\n<h5><span style=\"color: rgba(0, 0, 0, 0.4);\"><strong><span style=\"font-family: Arial;\">EHRENAMT &amp; BERUF<\/span><\/strong><\/span><\/h5>\n<h2><span style=\"font-family: Arial;\">Wie wir arbeiten. <\/span><br \/><span style=\"font-family: Arial;\">Was wir leisten.<\/span><\/h2>\n<p>[\/et_pb_text][\/et_pb_column][\/et_pb_row][et_pb_row use_custom_gutter=&#8220;on&#8220; gutter_width=&#8220;2&#8243; admin_label=&#8220;Services Row&#8220; _builder_version=&#8220;4.27.0&#8243; background_enable_image=&#8220;off&#8220; background_size=&#8220;contain&#8220; global_colors_info=&#8220;{}&#8220;][et_pb_column type=&#8220;4_4&#8243; _builder_version=&#8220;4.16&#8243; custom_padding=&#8220;|||&#8220; global_colors_info=&#8220;{}&#8220; custom_padding__hover=&#8220;|||&#8220;][et_pb_blurb title=&#8220;TIERRETTUNG&#8220; image_icon_width=&#8220;64px&#8220; title_tablet=&#8220;TIERRETTUNG&#8220; title_phone=&#8220;TIERRETTUNG&#8220; title_last_edited=&#8220;on|phone&#8220; admin_label=&#8220;Service&#8220; _builder_version=&#8220;4.27.0&#8243; header_level=&#8220;h5&#8243; header_font=&#8220;Arial|||on|||||&#8220; header_text_align=&#8220;center&#8220; header_letter_spacing=&#8220;3px&#8220; header_line_height=&#8220;1.7em&#8220; body_font=&#8220;Lora||||||||&#8220; body_font_size=&#8220;16px&#8220; body_line_height=&#8220;2em&#8220; text_orientation=&#8220;center&#8220; animation_style=&#8220;fade&#8220; animation=&#8220;off&#8220; image_max_width=&#8220;64px&#8220; inline_fonts=&#8220;Arial&#8220; global_colors_info=&#8220;{}&#8220;]<\/p>\n<p><span style=\"font-family: Arial; color: #000000;\">Tierrettung spielt eine entscheidende Rolle beim Schutz gef\u00e4hrdeter Tiere, indem sie <strong>schnelle Hilfe und sichere Unterbringung in Notsituationen gew\u00e4hrleistet.<\/strong> Ziel ist es, notleidenden Tieren ein besseres Leben zu erm\u00f6glichen und ihnen die Chance auf eine liebevolle Vermittlung zu geben.<\/span><\/p>\n<p><span style=\"font-family: Arial;\"><\/span><\/p>\n<p><span style=\"font-family: Arial;\"><\/span><\/p>\n<p>[\/et_pb_blurb][et_pb_blurb title=&#8220;Unterbringung&#8220; image_icon_width=&#8220;64px&#8220; admin_label=&#8220;Service&#8220; _builder_version=&#8220;4.27.0&#8243; header_level=&#8220;h5&#8243; header_font=&#8220;Arial|||on|||||&#8220; header_text_align=&#8220;center&#8220; header_letter_spacing=&#8220;3px&#8220; header_line_height=&#8220;1.7em&#8220; body_font=&#8220;Lora||||||||&#8220; body_font_size=&#8220;16px&#8220; body_line_height=&#8220;2em&#8220; text_orientation=&#8220;center&#8220; animation_style=&#8220;fade&#8220; animation_delay=&#8220;100ms&#8220; animation=&#8220;off&#8220; image_max_width=&#8220;64px&#8220; inline_fonts=&#8220;Arial&#8220; global_colors_info=&#8220;{}&#8220;]<\/p>\n<p><span style=\"font-family: Arial; color: #000000;\">Die Unterbringung im Tierheim bietet Tieren einen <strong>sicheren Zufluchtsort<\/strong>, in dem sie vor\u00fcbergehend betreut werden, bis sie ein neues Zuhause finden. Hier k\u00f6nnen sie sich erholen und auf ein besseres Leben vorbereitet werden.<\/span><\/p>\n<p><span style=\"font-family: Arial;\"><\/span><\/p>\n<p><span style=\"font-family: Arial;\"><\/span><\/p>\n<p>[\/et_pb_blurb][et_pb_blurb title=&#8220;versorgung&#8220; image_icon_width=&#8220;64px&#8220; admin_label=&#8220;Service&#8220; _builder_version=&#8220;4.27.0&#8243; header_level=&#8220;h5&#8243; header_font=&#8220;Arial|||on|||||&#8220; header_text_align=&#8220;center&#8220; header_letter_spacing=&#8220;3px&#8220; header_line_height=&#8220;1.7em&#8220; body_font=&#8220;Lora||||||||&#8220; body_font_size=&#8220;16px&#8220; body_line_height=&#8220;2em&#8220; text_orientation=&#8220;center&#8220; animation_style=&#8220;fade&#8220; animation_delay=&#8220;200ms&#8220; animation=&#8220;off&#8220; image_max_width=&#8220;64px&#8220; inline_fonts=&#8220;Arial&#8220; global_colors_info=&#8220;{}&#8220;]<\/p>\n<p><span style=\"font-family: Arial; color: #000000;\">Die Versorgung im Tierheim umfasst die umfassende Pflege der Tiere, einschlie\u00dflich <strong>F\u00fctterung, medizinischer Betreuung und sozialer Interaktion<\/strong>. Diese ganzheitliche Betreuung stellt sicher, dass die Tiere umfassend Versorgt sind.<\/span><\/p>\n<p><span style=\"font-family: Arial;\"><\/span><\/p>\n<p><span style=\"font-family: Arial;\"><\/span><\/p>\n<p>[\/et_pb_blurb][et_pb_blurb title=&#8220;TIERVERMITTLUNG&#8220; image_icon_width=&#8220;64px&#8220; admin_label=&#8220;Service&#8220; _builder_version=&#8220;4.27.0&#8243; header_level=&#8220;h5&#8243; header_font=&#8220;Arial|||on|||||&#8220; header_text_align=&#8220;center&#8220; header_letter_spacing=&#8220;3px&#8220; header_line_height=&#8220;1.7em&#8220; body_font=&#8220;Lora||||||||&#8220; body_font_size=&#8220;16px&#8220; body_line_height=&#8220;2em&#8220; text_orientation=&#8220;center&#8220; animation_style=&#8220;fade&#8220; animation_delay=&#8220;300ms&#8220; animation=&#8220;off&#8220; image_max_width=&#8220;64px&#8220; inline_fonts=&#8220;Arial&#8220; global_colors_info=&#8220;{}&#8220;]<\/p>\n<p><span style=\"font-family: Arial; color: #000000;\">Die <strong>Adoption von Tierheimtieren<\/strong> erm\u00f6glicht es, ihnen ein dauerhaftes, liebevolles Zuhause zu geben. Dieser Schritt schenkt den Tieren nicht nur ein neues Leben, sondern bereichert auch das Leben der Adoptierenden.<\/span><\/p>\n<p><span style=\"font-family: Arial;\"><\/span><\/p>\n<p><span style=\"font-family: Arial;\"><\/span><\/p>\n<p>[\/et_pb_blurb][et_pb_blurb title=&#8220;24 Stunden Notruf&#8220; image_icon_width=&#8220;64px&#8220; admin_label=&#8220;Service&#8220; _builder_version=&#8220;4.27.0&#8243; header_level=&#8220;h5&#8243; header_font=&#8220;Arial|||on|||||&#8220; header_text_align=&#8220;center&#8220; header_letter_spacing=&#8220;3px&#8220; header_line_height=&#8220;1.7em&#8220; body_font=&#8220;Lora||||||||&#8220; body_font_size=&#8220;16px&#8220; body_line_height=&#8220;2em&#8220; text_orientation=&#8220;center&#8220; animation_style=&#8220;fade&#8220; animation=&#8220;off&#8220; image_max_width=&#8220;64px&#8220; inline_fonts=&#8220;Arial&#8220; global_colors_info=&#8220;{}&#8220;]<\/p>\n<p><span style=\"font-family: Arial; color: #000000;\">Egal, ob es Tag oder Nacht ist \u2013 wenn Sie ein verletztes oder in Not geratenes Tier finden,<strong> sind wir rund um die Uhr f\u00fcr Sie erreichbar.<\/strong> Unsere engagierten Mitarbeiter stehen bereit, um schnellstm\u00f6glich Hilfe zu leisten und Tieren in schwierigen Situationen beizustehen. Z\u00f6gern Sie nicht, uns jederzeit zu kontaktieren, denn jedes Leben z\u00e4hlt!<\/span><\/p>\n<p><span style=\"font-family: Arial;\"><\/span><\/p>\n<p><span style=\"font-family: Arial;\"><\/span><\/p>\n<p>[\/et_pb_blurb][et_pb_blurb title=&#8220;Mitglieder&#8220; image_icon_width=&#8220;64px&#8220; admin_label=&#8220;Service&#8220; _builder_version=&#8220;4.27.0&#8243; header_level=&#8220;h5&#8243; header_font=&#8220;Arial|||on|||||&#8220; header_text_align=&#8220;center&#8220; header_letter_spacing=&#8220;3px&#8220; header_line_height=&#8220;1.7em&#8220; body_font=&#8220;Lora||||||||&#8220; body_font_size=&#8220;16px&#8220; body_line_height=&#8220;2em&#8220; text_orientation=&#8220;center&#8220; animation_style=&#8220;fade&#8220; animation_delay=&#8220;100ms&#8220; animation=&#8220;off&#8220; image_max_width=&#8220;64px&#8220; inline_fonts=&#8220;Arial&#8220; global_colors_info=&#8220;{}&#8220;]<\/p>\n<p><span style=\"font-family: Arial; color: #000000;\">Unser Tierheim legt gro\u00dfen Wert auf die <strong>sorgf\u00e4ltige Verwaltung unserer ca. 1.300 Mitglieder<\/strong>. Wir k\u00fcmmern uns gewissenhaft um alle administrativen Aufgaben, von der Aufnahme neuer Mitglieder bis hin zur Aktualisierung der Mitgliedsdaten.<\/span><\/p>\n<p><span style=\"font-family: Arial;\"><\/span><\/p>\n<p><span style=\"font-family: Arial;\"><\/span><\/p>\n<p>[\/et_pb_blurb][et_pb_blurb title=&#8220;betriebsgeb\u00e4ude&#8220; image_icon_width=&#8220;64px&#8220; admin_label=&#8220;Service&#8220; _builder_version=&#8220;4.27.0&#8243; header_level=&#8220;h5&#8243; header_font=&#8220;Arial|||on|||||&#8220; header_text_align=&#8220;center&#8220; header_letter_spacing=&#8220;3px&#8220; header_line_height=&#8220;1.7em&#8220; body_font=&#8220;Lora||||||||&#8220; body_font_size=&#8220;16px&#8220; body_line_height=&#8220;2em&#8220; text_orientation=&#8220;center&#8220; animation_style=&#8220;fade&#8220; animation_delay=&#8220;200ms&#8220; animation=&#8220;off&#8220; image_max_width=&#8220;64px&#8220; inline_fonts=&#8220;Arial&#8220; global_colors_info=&#8220;{}&#8220;]<\/p>\n<p><span style=\"font-family: Arial; color: #000000;\">Wir sind st\u00e4ndig damit besch\u00e4ftigt, unser <strong>Betriebsgeb\u00e4ude in einwandfreiem Zustand<\/strong> zu halten. Von der regelm\u00e4\u00dfigen Reinigung, den M\u00e4harbeiten \u00fcber die Instandhaltung der Anlagen bis hin zu Reparaturen \u2013 unser Team sorgt daf\u00fcr, dass alles reibungslos funktioniert.<\/span><\/p>\n<p><span style=\"font-family: Arial;\"><\/span><\/p>\n<p><span style=\"font-family: Arial;\"><\/span><\/p>\n<p>[\/et_pb_blurb][et_pb_blurb title=&#8220;SPENDEN und Veranstaltungen&#8220; image_icon_width=&#8220;64px&#8220; admin_label=&#8220;Service&#8220; _builder_version=&#8220;4.27.0&#8243; header_level=&#8220;h5&#8243; header_font=&#8220;Arial|||on|||||&#8220; header_text_align=&#8220;center&#8220; header_letter_spacing=&#8220;3px&#8220; header_line_height=&#8220;1.7em&#8220; body_font=&#8220;Lora||||||||&#8220; body_font_size=&#8220;16px&#8220; body_line_height=&#8220;2em&#8220; text_orientation=&#8220;center&#8220; animation_style=&#8220;fade&#8220; animation_delay=&#8220;300ms&#8220; animation=&#8220;off&#8220; image_max_width=&#8220;64px&#8220; inline_fonts=&#8220;Arial&#8220; global_colors_info=&#8220;{}&#8220;]<\/p>\n<p><span style=\"font-family: Arial; color: #000000;\">\u00a0Auch das Sammeln von Spenden die Verwaltung von Spenden ist ein wichtiger Bestandteil unserer Arbeit im Tierheim. Jede Spende, sei es Geld oder Sachg\u00fcter, <strong>wird sorgf\u00e4ltig erfasst und verwaltet<\/strong>, um sicherzustellen, dass sie bestm\u00f6glich <strong>zum Wohl unserer Tiere eingesetzt wird<\/strong>. Diese Arbeit ist essenziell, um die finanzielle Basis unseres Tierheims zu sichern und die Versorgung unserer Tiere langfristig zu gew\u00e4hrleisten. Ob durch Aufrufe, Veranstaltungen oder hier \u00fcber die Website &#8211; Ihre Spenden werden vertrauensvoll eingesetzt.<\/span><br \/><span style=\"font-family: Arial; color: #000000;\"><\/span><\/p>\n<p><span style=\"font-family: Arial; color: #000000;\"><\/span><\/p>\n<p><span style=\"font-family: Arial; color: #000000;\"><\/span><\/p>\n<p><span style=\"font-family: Arial; color: #000000;\"><\/span><\/p>\n<p>[\/et_pb_blurb][\/et_pb_column][\/et_pb_row][et_pb_row _builder_version=&#8220;4.27.0&#8243; custom_margin=&#8220;50px|||&#8220; global_colors_info=&#8220;{}&#8220;][et_pb_column type=&#8220;4_4&#8243; _builder_version=&#8220;4.16&#8243; custom_padding=&#8220;|||&#8220; global_colors_info=&#8220;{}&#8220; custom_padding__hover=&#8220;|||&#8220;][et_pb_cta title=&#8220;Wir suchen Verst\u00e4rkung: Tierpfleger Tierheim (m\/w\/d) &#8220; button_url=&#8220;@ET-DC@eyJkeW5hbWljIjp0cnVlLCJjb250ZW50IjoicG9zdF9saW5rX3VybF9wYWdlIiwic2V0dGluZ3MiOnsicG9zdF9pZCI6IjI3NzU5In19@&#8220; button_text=&#8220;Zur Stellenausschreibung&#8220; _builder_version=&#8220;4.27.0&#8243; _dynamic_attributes=&#8220;button_url&#8220; header_level=&#8220;h3&#8243; header_font=&#8220;Arial|600|||||||&#8220; header_font_size=&#8220;40px&#8220; header_line_height=&#8220;1.5em&#8220; body_font=&#8220;Lora||||||||&#8220; body_font_size=&#8220;18px&#8220; body_line_height=&#8220;2em&#8220; background_color=&#8220;rgba(255,102,0,0.6)&#8220; custom_margin=&#8220;||||false&#8220; custom_padding=&#8220;40px|40px|60px|40px|false|true&#8220; animation_style=&#8220;zoom&#8220; animation_intensity_zoom=&#8220;5%&#8220; header_font_size_tablet=&#8220;&#8220; header_font_size_phone=&#8220;36px&#8220; header_font_size_last_edited=&#8220;on|desktop&#8220; border_radii=&#8220;on|8px|8px|8px|8px&#8220; box_shadow_style=&#8220;preset3&#8243; box_shadow_vertical=&#8220;110px&#8220; box_shadow_blur=&#8220;80px&#8220; box_shadow_spread=&#8220;-80px&#8220; box_shadow_color=&#8220;rgba(0,0,0,0.12)&#8220; button_bg_color_hover=&#8220;rgba(0,0,0,0.5)&#8220; locked=&#8220;off&#8220; inline_fonts=&#8220;Arial&#8220; global_colors_info=&#8220;{}&#8220; button_text_size__hover_enabled=&#8220;off&#8220; button_one_text_size__hover_enabled=&#8220;off&#8220; button_two_text_size__hover_enabled=&#8220;off&#8220; button_text_color__hover_enabled=&#8220;off&#8220; button_one_text_color__hover_enabled=&#8220;off&#8220; button_two_text_color__hover_enabled=&#8220;off&#8220; button_border_width__hover_enabled=&#8220;off&#8220; button_one_border_width__hover_enabled=&#8220;off&#8220; button_two_border_width__hover_enabled=&#8220;off&#8220; button_border_color__hover_enabled=&#8220;off&#8220; button_one_border_color__hover_enabled=&#8220;off&#8220; button_two_border_color__hover_enabled=&#8220;off&#8220; button_border_radius__hover_enabled=&#8220;off&#8220; button_one_border_radius__hover_enabled=&#8220;off&#8220; button_two_border_radius__hover_enabled=&#8220;off&#8220; button_letter_spacing__hover_enabled=&#8220;off&#8220; button_one_letter_spacing__hover_enabled=&#8220;off&#8220; button_two_letter_spacing__hover_enabled=&#8220;off&#8220; button_bg_color__hover_enabled=&#8220;on&#8220; button_bg_color__hover=&#8220;rgba(0,0,0,0.5)&#8220; button_one_bg_color__hover_enabled=&#8220;off&#8220; button_two_bg_color__hover_enabled=&#8220;off&#8220;][\/et_pb_cta][\/et_pb_column][\/et_pb_row][et_pb_row _builder_version=&#8220;4.27.0&#8243; custom_margin=&#8220;-24px|auto||auto||&#8220; global_colors_info=&#8220;{}&#8220;][et_pb_column type=&#8220;4_4&#8243; _builder_version=&#8220;4.16&#8243; custom_padding=&#8220;|||&#8220; global_colors_info=&#8220;{}&#8220; custom_padding__hover=&#8220;|||&#8220;][et_pb_cta title=&#8220;Wir suchen Verst\u00e4rkung: Fahrdienst ehrenamtlich (m\/w\/d) &#8220; button_url=&#8220;#&#8220; _builder_version=&#8220;4.27.0&#8243; header_level=&#8220;h3&#8243; header_font=&#8220;Arial|600|||||||&#8220; header_font_size=&#8220;40px&#8220; header_line_height=&#8220;1.5em&#8220; body_font=&#8220;Lora||||||||&#8220; body_font_size=&#8220;18px&#8220; body_line_height=&#8220;2em&#8220; background_color=&#8220;rgba(255,102,0,0.6)&#8220; custom_margin=&#8220;||||false&#8220; custom_padding=&#8220;40px|40px|60px|40px|false|true&#8220; animation_style=&#8220;zoom&#8220; animation_intensity_zoom=&#8220;5%&#8220; header_font_size_tablet=&#8220;&#8220; header_font_size_phone=&#8220;36px&#8220; header_font_size_last_edited=&#8220;on|desktop&#8220; border_radii=&#8220;on|8px|8px|8px|8px&#8220; box_shadow_style=&#8220;preset3&#8243; box_shadow_vertical=&#8220;110px&#8220; box_shadow_blur=&#8220;80px&#8220; box_shadow_spread=&#8220;-80px&#8220; box_shadow_color=&#8220;rgba(0,0,0,0.12)&#8220; button_bg_color_hover=&#8220;rgba(0,0,0,0.5)&#8220; locked=&#8220;off&#8220; inline_fonts=&#8220;Arial&#8220; global_colors_info=&#8220;{}&#8220; button_text_size__hover_enabled=&#8220;off&#8220; button_one_text_size__hover_enabled=&#8220;off&#8220; button_two_text_size__hover_enabled=&#8220;off&#8220; button_text_color__hover_enabled=&#8220;off&#8220; button_one_text_color__hover_enabled=&#8220;off&#8220; button_two_text_color__hover_enabled=&#8220;off&#8220; button_border_width__hover_enabled=&#8220;off&#8220; button_one_border_width__hover_enabled=&#8220;off&#8220; button_two_border_width__hover_enabled=&#8220;off&#8220; button_border_color__hover_enabled=&#8220;off&#8220; button_one_border_color__hover_enabled=&#8220;off&#8220; button_two_border_color__hover_enabled=&#8220;off&#8220; button_border_radius__hover_enabled=&#8220;off&#8220; button_one_border_radius__hover_enabled=&#8220;off&#8220; button_two_border_radius__hover_enabled=&#8220;off&#8220; button_letter_spacing__hover_enabled=&#8220;off&#8220; button_one_letter_spacing__hover_enabled=&#8220;off&#8220; button_two_letter_spacing__hover_enabled=&#8220;off&#8220; button_bg_color__hover_enabled=&#8220;on&#8220; button_bg_color__hover=&#8220;rgba(0,0,0,0.5)&#8220; button_one_bg_color__hover_enabled=&#8220;off&#8220; button_two_bg_color__hover_enabled=&#8220;off&#8220;]<\/p>\n<p style=\"text-align: left;\"><span style=\"font-family: Arial; font-size: 18px;\">Wir brauchen dringend Deine Hilfe! Unser Team der ehrenamtlichen Fahrbereitschaftsgruppe sucht engagierte Helfer, die sich mit Herzblut f\u00fcr den Tierschutz einsetzen wollen. Unsere Pfleger k\u00f6nnen die viele notwendige Fahrten nur noch mit Einschr\u00e4nkungen durchf\u00fchren. Doch genau hier kannst Du einen wertvollen Beitrag leisten!<\/span><\/p>\n<p style=\"text-align: left;\"><span style=\"font-family: Arial;\">Zu den Fahrten z\u00e4hlen unter anderem:<\/span><\/p>\n<ul style=\"text-align: left;\">\n<li><span style=\"font-family: Arial;\"><strong>Fahrten in die Tierklinik<\/strong> (leider momentan fast t\u00e4glich),<\/span><\/li>\n<li><span style=\"font-family: Arial;\"><strong>Abholung von Fundtieren<\/strong>,<\/span><\/li>\n<li><span style=\"font-family: Arial;\"><strong>Bergung verungl\u00fcckter Tiere<\/strong> (z.B. Katzen).<\/span><\/li>\n<\/ul>\n<p style=\"text-align: left;\"><span style=\"font-family: Arial;\">Auch in der Nacht brauchen wir Unterst\u00fctzung! Du entscheidest selbst, wann und wie oft Du helfen kannst. \u00dcber WhatsApp stellen wir die jeweiligen Eins\u00e4tze ein, und Du w\u00e4hlst flexibel, welche Eins\u00e4tze Du \u00fcbernehmen m\u00f6chtest.<\/span><\/p>\n<p style=\"text-align: left;\"><span style=\"font-family: Arial;\">Dein Engagement bedeutet f\u00fcr die Tiere und unseren Verein eine enorme Hilfe!<\/span><\/p>\n<p style=\"text-align: left;\"><span style=\"font-family: Arial;\"><strong>Haben wir Dein Interesse geweckt?<\/strong> Dann melde Dich einfach per E-Mail bei uns. Gib bitte auch deine Telefonnummer mit an. Wir melden uns.<br \/><\/span><br \/><span style=\"font-family: Arial;\">&#x1f4e7; <strong>Mailadresse:<\/strong> <a rel=\"noopener\">tierschutz@dachau.net<\/a><\/span><\/p>\n<p style=\"text-align: left;\"><span style=\"font-family: Arial;\">Gemeinsam k\u00f6nnen wir einen Unterschied machen! Wir freuen uns auf Dich!<\/span><\/p>\n<p style=\"text-align: left;\"><span style=\"font-family: Arial;\">Dein Tierschutz-Team Dachau &#x1f43e;<\/span><\/p>\n<p>[\/et_pb_cta][\/et_pb_column][\/et_pb_row][\/et_pb_section]<\/p>\n","protected":false},"excerpt":{"rendered":"<p>EHRENAMT &amp; BERUF Wie wir arbeiten. Was wir leisten.Tierrettung spielt eine entscheidende Rolle beim Schutz gef\u00e4hrdeter Tiere, indem sie schnelle Hilfe und sichere Unterbringung in Notsituationen gew\u00e4hrleistet. Ziel ist es, notleidenden Tieren ein besseres Leben zu erm\u00f6glichen und ihnen die Chance auf eine liebevolle Vermittlung zu geben. Die Unterbringung im Tierheim bietet Tieren einen sicheren [&hellip;]<\/p>\n","protected":false},"author":1,"featured_media":0,"parent":0,"menu_order":0,"comment_status":"closed","ping_status":"closed","template":"","meta":{"_et_pb_use_builder":"on","_et_pb_old_content":"<!-- wp:divi\/placeholder \/-->","_et_gb_content_width":"","inline_featured_image":false,"footnotes":""},"class_list":["post-524","page","type-page","status-publish","hentry"],"_links":{"self":[{"href":"https:\/\/tierschutz.dachau.net\/index.php?rest_route=\/wp\/v2\/pages\/524","targetHints":{"allow":["GET"]}}],"collection":[{"href":"https:\/\/tierschutz.dachau.net\/index.php?rest_route=\/wp\/v2\/pages"}],"about":[{"href":"https:\/\/tierschutz.dachau.net\/index.php?rest_route=\/wp\/v2\/types\/page"}],"author":[{"embeddable":true,"href":"https:\/\/tierschutz.dachau.net\/index.php?rest_route=\/wp\/v2\/users\/1"}],"replies":[{"embeddable":true,"href":"https:\/\/tierschutz.dachau.net\/index.php?rest_route=%2Fwp%2Fv2%2Fcomments&post=524"}],"version-history":[{"count":10,"href":"https:\/\/tierschutz.dachau.net\/index.php?rest_route=\/wp\/v2\/pages\/524\/revisions"}],"predecessor-version":[{"id":28247,"href":"https:\/\/tierschutz.dachau.net\/index.php?rest_route=\/wp\/v2\/pages\/524\/revisions\/28247"}],"wp:attachment":[{"href":"https:\/\/tierschutz.dachau.net\/index.php?rest_route=%2Fwp%2Fv2%2Fmedia&parent=524"}],"curies":[{"name":"wp","href":"https:\/\/api.w.org\/{rel}","templated":true}]}}