{"id":499,"date":"2024-08-22T21:14:28","date_gmt":"2024-08-22T19:14:28","guid":{"rendered":"http:\/\/wordpress.p675077.webspaceconfig.de\/?page_id=499"},"modified":"2025-02-03T14:42:35","modified_gmt":"2025-02-03T13:42:35","slug":"vorstand","status":"publish","type":"page","link":"https:\/\/tierschutz.dachau.net\/?page_id=499","title":{"rendered":"Vorstand"},"content":{"rendered":"<p>[et_pb_section fb_built=&#8220;1&#8243; admin_label=&#8220;section&#8220; _builder_version=&#8220;4.16&#8243; global_colors_info=&#8220;{}&#8220;][et_pb_row admin_label=&#8220;row&#8220; _builder_version=&#8220;4.16&#8243; background_size=&#8220;initial&#8220; background_position=&#8220;top_left&#8220; background_repeat=&#8220;repeat&#8220; global_colors_info=&#8220;{}&#8220;][et_pb_column type=&#8220;4_4&#8243; _builder_version=&#8220;4.16&#8243; custom_padding=&#8220;|||&#8220; global_colors_info=&#8220;{}&#8220; custom_padding__hover=&#8220;|||&#8220;][et_pb_text _builder_version=&#8220;4.27.2&#8243; _module_preset=&#8220;default&#8220; global_colors_info=&#8220;{}&#8220;]<\/p>\n<p class=\"auto-style5\"><span style=\"color: rgba(124, 218, 36, 0.67);\"><strong>Update<\/strong><\/span>: Diese Seite wird bald noch \u00fcberarbeitet.<\/p>\n<p class=\"auto-style5\"><span style=\"font-size: large;\">Jahreshauptversammlung am 09.12.2023 mit Neuwahlen: <\/span><\/p>\n<p><span style=\"text-decoration: underline;\">So setzt sich der neugew\u00e4hlte Vorstand zusammen:<\/span><\/p>\n<p class=\"auto-style5\"><span style=\"font-size: large;\">Silvia Gruber, 1.Vorsitzende<\/span><br \/><span style=\"font-size: large;\">Helmut Zeller, 2.Vorsitzender<\/span><br \/><span style=\"font-size: large;\">Gabrijela Pankarz, 3.Vorsitzende<\/span><br \/><span style=\"font-size: large;\">Thomas H\u00f6bel, Schatzmeister<\/span><br \/><span style=\"font-size: large;\">G\u00fcnter Hofheinz, Schriftf\u00fchrer<\/span><\/p>\n<p><span style=\"font-size: large;\">(Bilddokumentation folgt in n\u00e4chster Zeit)<\/span><\/p>\n<p>[\/et_pb_text][\/et_pb_column][\/et_pb_row][\/et_pb_section]<\/p>\n","protected":false},"excerpt":{"rendered":"<p>Update: Diese Seite wird bald noch \u00fcberarbeitet. Jahreshauptversammlung am 09.12.2023 mit Neuwahlen: So setzt sich der neugew\u00e4hlte Vorstand zusammen: Silvia Gruber, 1.VorsitzendeHelmut Zeller, 2.VorsitzenderGabrijela Pankarz, 3.VorsitzendeThomas H\u00f6bel, SchatzmeisterG\u00fcnter Hofheinz, Schriftf\u00fchrer (Bilddokumentation folgt in n\u00e4chster Zeit)<\/p>\n","protected":false},"author":1,"featured_media":0,"parent":0,"menu_order":0,"comment_status":"closed","ping_status":"closed","template":"","meta":{"_et_pb_use_builder":"on","_et_pb_old_content":"<!-- wp:divi\/placeholder \/-->","_et_gb_content_width":"","inline_featured_image":false,"footnotes":""},"class_list":["post-499","page","type-page","status-publish","hentry"],"_links":{"self":[{"href":"https:\/\/tierschutz.dachau.net\/index.php?rest_route=\/wp\/v2\/pages\/499","targetHints":{"allow":["GET"]}}],"collection":[{"href":"https:\/\/tierschutz.dachau.net\/index.php?rest_route=\/wp\/v2\/pages"}],"about":[{"href":"https:\/\/tierschutz.dachau.net\/index.php?rest_route=\/wp\/v2\/types\/page"}],"author":[{"embeddable":true,"href":"https:\/\/tierschutz.dachau.net\/index.php?rest_route=\/wp\/v2\/users\/1"}],"replies":[{"embeddable":true,"href":"https:\/\/tierschutz.dachau.net\/index.php?rest_route=%2Fwp%2Fv2%2Fcomments&post=499"}],"version-history":[{"count":9,"href":"https:\/\/tierschutz.dachau.net\/index.php?rest_route=\/wp\/v2\/pages\/499\/revisions"}],"predecessor-version":[{"id":29164,"href":"https:\/\/tierschutz.dachau.net\/index.php?rest_route=\/wp\/v2\/pages\/499\/revisions\/29164"}],"wp:attachment":[{"href":"https:\/\/tierschutz.dachau.net\/index.php?rest_route=%2Fwp%2Fv2%2Fmedia&parent=499"}],"curies":[{"name":"wp","href":"https:\/\/api.w.org\/{rel}","templated":true}]}}