{"id":497,"date":"2024-08-22T21:14:14","date_gmt":"2024-08-22T19:14:14","guid":{"rendered":"http:\/\/wordpress.p675077.webspaceconfig.de\/?page_id=497"},"modified":"2024-10-03T23:11:53","modified_gmt":"2024-10-03T21:11:53","slug":"mitglied-werden","status":"publish","type":"page","link":"https:\/\/tierschutz.dachau.net\/?page_id=497","title":{"rendered":"Mitglied werden"},"content":{"rendered":"<p>[et_pb_section fb_built=&#8220;1&#8243; fullwidth=&#8220;on&#8220; _builder_version=&#8220;4.27.0&#8243; _module_preset=&#8220;default&#8220; global_colors_info=&#8220;{}&#8220;][et_pb_fullwidth_image src=&#8220;https:\/\/tierschutz.dachau.net\/tsvdah2\/wp-content\/uploads\/2024\/09\/mitglied-werden.jpg&#8220; title_text=&#8220;mitglied-werden&#8220; _builder_version=&#8220;4.27.0&#8243; _module_preset=&#8220;default&#8220; min_height=&#8220;455px&#8220; global_colors_info=&#8220;{}&#8220;][\/et_pb_fullwidth_image][\/et_pb_section][et_pb_section fb_built=&#8220;1&#8243; _builder_version=&#8220;4.27.0&#8243; _module_preset=&#8220;default&#8220; custom_padding=&#8220;119px|||||&#8220; global_colors_info=&#8220;{}&#8220;][et_pb_row _builder_version=&#8220;4.27.0&#8243; _module_preset=&#8220;default&#8220; custom_margin=&#8220;-103px|auto||auto||&#8220; global_colors_info=&#8220;{}&#8220;][et_pb_column type=&#8220;4_4&#8243; _builder_version=&#8220;4.27.0&#8243; _module_preset=&#8220;default&#8220; global_colors_info=&#8220;{}&#8220;][et_pb_text _builder_version=&#8220;4.27.0&#8243; _module_preset=&#8220;default&#8220; inline_fonts=&#8220;Arial&#8220; global_colors_info=&#8220;{}&#8220;]<\/p>\n<h1><strong><span style=\"font-size: large; font-family: Arial;\">Herzlich Willkommen im Tierschutzverein Dachau eV. <\/span><\/strong><\/h1>\n<p><span style=\"font-size: large; font-family: Arial; font-weight: normal;\">Wir sind eine engagierte Gemeinschaft von Tierliebhabern, die sich leidenschaftlich f\u00fcr das Wohl und die Versorgung der Tiere einsetzen. Als Mitglied bei uns hast du die einzigartige M\u00f6glichkeit, einen direkten Beitrag zum Schutz und zur Rettung von Tieren zu leisten. <\/span><\/p>\n<p><span style=\"font-size: large; font-family: Arial; font-weight: normal;\">Unser Tierheim bietet ein Zuhause f\u00fcr viele Tiere, die aus unterschiedlichen Gr\u00fcnden Hilfe und Unterst\u00fctzung ben\u00f6tigen. Von Hunden und Katzen bis zu Kleintieren und V\u00f6geln &#8211; bei uns findest du eine Vielzahl von Tieren, die auf deine Liebe und F\u00fcrsorge warten. <\/span><\/p>\n<p><span style=\"font-size: large; font-family: Arial; font-weight: normal;\">Als Mitglied kannst du aktiv an der Versorgung und Pflege der Tiere teilnehmen, sei es durch Gassigehen mit den Hunden, Streicheln der Katzen oder Reinigen der Gehege. Dein Engagement macht einen bedeutenden Unterschied im Leben dieser Tiere und schenkt ihnen eine zweite Chance auf ein gl\u00fcckliches und gesundes Leben. <\/span><\/p>\n<p><span style=\"font-size: large; font-family: Arial; font-weight: normal;\">Wir laden dich herzlich ein, Teil unserer Tierheim-Familie zu werden und gemeinsam mit uns die Welt der Tiere zu einem besseren Ort zu machen. Werde jetzt Mitglied bei uns und entdecke die unendlichen M\u00f6glichkeiten, wie du den Tieren in Not helfen kannst. Zusammen k\u00f6nnen wir Gro\u00dfes bewirken!<\/span><\/p>\n<p><span style=\"font-size: large; font-family: Arial; font-weight: normal;\"><\/span><\/p>\n<p><span style=\"font-size: large; font-family: Arial; font-weight: normal;\"><\/span><\/p>\n<p>[\/et_pb_text][et_pb_button button_url=&#8220;\/tsvdah2\/wp-content\/uploads\/2024\/09\/beitritterklaerung-tierschutzverein-dachau-web.pdf&#8220; url_new_window=&#8220;on&#8220; button_text=&#8220;Jetzt Mitglied werden&#8220; _builder_version=&#8220;4.27.2&#8243; _module_preset=&#8220;default&#8220; custom_button=&#8220;on&#8220; button_border_color=&#8220;gcid-secondary-color&#8220; button_icon=&#8220;&#xf1c1;||fa||400&#8243; button_icon_color=&#8220;#E02B20&#8243; hover_enabled=&#8220;0&#8243; global_colors_info=&#8220;{%22gcid-secondary-color%22:%91%22button_border_color%22%93,%22gcid-primary-color%22:%91%22button_border_color__hover%22%93}&#8220; button_border_color__hover_enabled=&#8220;on|hover&#8220; button_border_color__hover=&#8220;#0066b3&#8243; sticky_enabled=&#8220;0&#8243;][\/et_pb_button][\/et_pb_column][\/et_pb_row][\/et_pb_section]<\/p>\n","protected":false},"excerpt":{"rendered":"<p>Herzlich Willkommen im Tierschutzverein Dachau eV. Wir sind eine engagierte Gemeinschaft von Tierliebhabern, die sich leidenschaftlich f\u00fcr das Wohl und die Versorgung der Tiere einsetzen. Als Mitglied bei uns hast du die einzigartige M\u00f6glichkeit, einen direkten Beitrag zum Schutz und zur Rettung von Tieren zu leisten. Unser Tierheim bietet ein Zuhause f\u00fcr viele Tiere, die [&hellip;]<\/p>\n","protected":false},"author":1,"featured_media":0,"parent":0,"menu_order":0,"comment_status":"closed","ping_status":"closed","template":"","meta":{"_et_pb_use_builder":"on","_et_pb_old_content":"<!-- wp:divi\/placeholder \/-->","_et_gb_content_width":"","inline_featured_image":false,"footnotes":""},"class_list":["post-497","page","type-page","status-publish","hentry"],"_links":{"self":[{"href":"https:\/\/tierschutz.dachau.net\/index.php?rest_route=\/wp\/v2\/pages\/497","targetHints":{"allow":["GET"]}}],"collection":[{"href":"https:\/\/tierschutz.dachau.net\/index.php?rest_route=\/wp\/v2\/pages"}],"about":[{"href":"https:\/\/tierschutz.dachau.net\/index.php?rest_route=\/wp\/v2\/types\/page"}],"author":[{"embeddable":true,"href":"https:\/\/tierschutz.dachau.net\/index.php?rest_route=\/wp\/v2\/users\/1"}],"replies":[{"embeddable":true,"href":"https:\/\/tierschutz.dachau.net\/index.php?rest_route=%2Fwp%2Fv2%2Fcomments&post=497"}],"version-history":[{"count":36,"href":"https:\/\/tierschutz.dachau.net\/index.php?rest_route=\/wp\/v2\/pages\/497\/revisions"}],"predecessor-version":[{"id":28391,"href":"https:\/\/tierschutz.dachau.net\/index.php?rest_route=\/wp\/v2\/pages\/497\/revisions\/28391"}],"wp:attachment":[{"href":"https:\/\/tierschutz.dachau.net\/index.php?rest_route=%2Fwp%2Fv2%2Fmedia&parent=497"}],"curies":[{"name":"wp","href":"https:\/\/api.w.org\/{rel}","templated":true}]}}