{"id":495,"date":"2024-08-22T21:13:54","date_gmt":"2024-08-22T19:13:54","guid":{"rendered":"http:\/\/wordpress.p675077.webspaceconfig.de\/?page_id=495"},"modified":"2025-11-14T22:12:12","modified_gmt":"2025-11-14T21:12:12","slug":"sachspenden-2","status":"publish","type":"page","link":"https:\/\/tierschutz.dachau.net\/?page_id=495","title":{"rendered":"Sachspenden"},"content":{"rendered":"<p>[et_pb_section fb_built=&#8220;1&#8243; admin_label=&#8220;section&#8220; _builder_version=&#8220;4.16&#8243; global_colors_info=&#8220;{}&#8220;][et_pb_row admin_label=&#8220;row&#8220; _builder_version=&#8220;4.16&#8243; background_size=&#8220;initial&#8220; background_position=&#8220;top_left&#8220; background_repeat=&#8220;repeat&#8220; global_colors_info=&#8220;{}&#8220;][et_pb_column type=&#8220;4_4&#8243; _builder_version=&#8220;4.16&#8243; custom_padding=&#8220;|||&#8220; global_colors_info=&#8220;{}&#8220; custom_padding__hover=&#8220;|||&#8220;][et_pb_text admin_label=&#8220;Text&#8220; _builder_version=&#8220;4.27.2&#8243; background_size=&#8220;initial&#8220; background_position=&#8220;top_left&#8220; background_repeat=&#8220;repeat&#8220; global_colors_info=&#8220;{}&#8220;]<\/p>\n<h1><strong>Sach- &amp; Futterspenden<\/strong><\/h1>\n<p><span style=\"color: rgba(224, 43, 32, 0.67);\"><em><strong><span style=\"text-decoration: underline;\">Derzeit Annahmestopp f\u00fcr Flohmarktwaren!<\/span><\/strong><\/em><\/span><\/p>\n<p><strong><\/strong><\/p>\n<p><span style=\"font-size: large;\">Liebe Spender,<br \/>wir bedanken uns f\u00fcr die Sachspenden, die wir \u00fcber unsere <strong>Futterspendenboxen<\/strong> (siehe Liste unten) erhalten. Bei Spenden in gr\u00f6\u00dferem Umfang bitten wir Sie, diese direkt im Tierheim Dachau abzugeben. Bei vorheriger telefonischer Ank\u00fcndigung sind wir auch gerne beim Ausladen behilflich. Bei Sachspenden k\u00f6nnen wir Ihnen auf Wunsch gegen Vorlage des Kaufbelegs auch eine Spendenquittung f\u00fcr das Finanzamt ausstellen. <\/span><\/p>\n<p><span style=\"font-size: large;\">In diesem Fall empfehlen wir, die Spende zusammen mit dem Beleg im Tierheim Dachau abzugeben.<\/span><\/p>\n<p>&nbsp;<\/p>\n<h3><strong><span style=\"font-size: large;\">Bitte helfen Sie mit,<span class=\"Apple-converted-space\">\u00a0<\/span>dass wir auch weiterhin <\/span><\/strong><\/h3>\n<p><span style=\"font-size: large;\">&#8211; Tieren in Not Unterschlupf bieten k\u00f6nnen,<br \/><span class=\"Apple-converted-space\"><br \/><\/span>&#8211; dass wir kranken, schwer verletzten\/verunfallten Tieren die n\u00f6tige \u00e4rztliche Versorgung zukommen lassen k\u00f6nnen,<br \/><span class=\"Apple-converted-space\"><br \/><\/span>&#8211; dass wir den Tierheim-Betrieb zum Wohl unserer Sch\u00fctzlinge bestm\u00f6glich aufrechterhalten k\u00f6nnen.<span class=\"Apple-converted-space\">\u00a0<\/span><\/span><\/p>\n<p><span style=\"font-size: large;\">Wir, das Tierheim-Team, geben t\u00e4glich unser Bestes; <strong>bitte unterst\u00fctzen Sie uns.<\/strong><br \/>Mit Ihrer Spende leisten Sie einen aktiven Beitrag zum Tierschutz.<span class=\"Apple-converted-space\">\u00a0<\/span><\/span><\/p>\n<p><strong><em><span style=\"font-size: large;\"><span style=\"color: rgba(224, 43, 32, 0.67);\">\u2764\u2764\u2764 <\/span>Herzlichen Dank!<span class=\"Apple-converted-space\" style=\"color: rgba(224, 43, 32, 0.67);\"> \u2764\u2764\u2764<\/span><\/span><\/em><\/strong><\/p>\n<p>&nbsp;<\/p>\n<h3><span style=\"color: #ff6600;\"><strong><span style=\"text-decoration: underline;\">Futterspendenboxen<\/span> Tierheim Dachau<\/strong><\/span><\/h3>\n<p>&nbsp;<\/p>\n<h5><strong>Standort in Stadt und Landkreis Dachau:<\/strong><\/h5>\n<p>&nbsp;<\/p>\n<p><span style=\"font-size: large;\"><strong>Dachau AEZ<\/strong> Fraunhofer Str. 1, 85221 Dachau<\/span><\/p>\n<p><span style=\"font-size: large;\"><strong>Dachau Fressnapf<\/strong> Fraunhofer Str. 13, 85221 Dachau<\/span><\/p>\n<p><span style=\"font-size: large;\"><strong>Dachau Rewe<\/strong> Kopernikusstr. 2, 85221 Dachau<\/span><\/p>\n<p><span style=\"font-size: large;\"><strong>Dachau OBI<\/strong> Fraunhofer Str. 2, 85221 Dachau<\/span><\/p>\n<p><span style=\"font-size: large;\"><strong>Dachau Kaufland<\/strong> Danziger Str. 1, 85221 Dachau<\/span><\/p>\n<p><span style=\"font-size: large;\"><strong>Erdweg KuK Edeka<\/strong> S\u00fcdenstr. 5, 85253 Erdweg<\/span><\/p>\n<p><span style=\"font-size: large;\"><strong>Karlsfeld Edeka<\/strong> An der W\u00f6gerwiese 5, 85757 Karlsfeld<\/span><\/p>\n<p><span style=\"font-size: large;\"><strong>Karlsfeld Futterhaus<\/strong> M\u00fcnchner Str. 206, 85757 Karlsfeld<\/span><\/p>\n<p><span style=\"font-size: large;\"><strong>Markt Indersdorf Rewe<\/strong> Gewerbestr. 6, 85229 Markt Indersdorf<\/span><\/p>\n<p><span style=\"font-size: large;\"><strong>Odelzhausen Futterstadl<\/strong> Marktstr. 16, 85235 Odelzhausen<\/span><\/p>\n<p><span style=\"font-size: large;\"><strong>Petershausen Zoomarkt<\/strong> Industriering 10, 85238 Petershausen<\/span><\/p>\n<p><span style=\"font-size: large;\"><strong>R\u00f6hrmoos Edeka<\/strong> Philipp-Reis-Str. 3, 85244 R\u00f6hrmoos<\/span><\/p>\n<p>&nbsp;<\/p>\n<p>&nbsp;<\/p>\n<h3><strong><span style=\"text-decoration: underline;\">Sachspenden<\/span> f\u00fcr das Tierheim<\/strong><\/h3>\n<p><strong><\/strong><\/p>\n<p><strong><\/strong><\/p>\n<p><span style=\"font-size: large;\">Unsere <strong>Katzencrew<\/strong> freut sich \u00fcber guterhaltene <span style=\"color: #ff6600;\"><strong>Kratzb\u00e4ume, Kratztonnen, Katzenspielzeug und Katzenbettchen<\/strong><\/span>.<br \/>Unsere <strong>Hunde<\/strong> freuen sich \u00fcber <span style=\"color: #ff6600;\"><strong>Spielzeug und Liegebetten <\/strong><\/span>und <br \/>unsere <strong>Kleintiere<\/strong> verstecken sich gerne in <strong><span style=\"color: #ff6600;\">Heutunnel<\/span>.<\/strong><span class=\"Apple-converted-space\">\u00a0<\/span><\/span><\/p>\n<p><strong><span style=\"font-size: large;\">Bitte vor Anlieferung das Tierheim-B\u00fcro informieren, damit die Sachen u.U. nicht im Regen stehen.<\/span><\/strong><\/p>\n<p><strong><span style=\"font-size: large;\"><\/span><\/strong><\/p>\n<p><strong><span style=\"font-size: large;\"><\/span><\/strong><\/p>\n<p><strong><span style=\"font-size: large;\"><\/span><\/strong><\/p>\n<p><strong><span style=\"font-size: large;\"><\/span><\/strong><\/p>\n<p><strong><span style=\"font-size: large;\"><span style=\"font-size: large; color: rgba(0, 0, 0, 0.67);\"><b>Wir k\u00f6nnen <span style=\"text-decoration: underline;\">immer<\/span> brauchen: <\/b><\/span><\/span><\/strong><span style=\"font-size: large;\"><span class=\"Apple-converted-space\"><\/span><\/span><\/p>\n<p><span style=\"font-size: large;\"><span class=\"Apple-converted-space\"><\/span><\/span><\/p>\n<h3><strong><span style=\"font-size: large;\">Haushaltsartikel<span class=\"Apple-converted-space\">\u00a0<\/span><\/span><\/strong><\/h3>\n<ul>\n<li><span style=\"font-size: large;\">K\u00fcchenrollen<span class=\"Apple-converted-space\">\u00a0<\/span><\/span><\/li>\n<li><span style=\"font-size: large;\">Toilettenpapier<span class=\"Apple-converted-space\">\u00a0<\/span><\/span><\/li>\n<li><span style=\"font-size: large;\">M\u00fcllbeutel in den Gr\u00f6\u00dfen 25l, 10l und 5l<span class=\"Apple-converted-space\">\u00a0<\/span><\/span><\/li>\n<li><span style=\"font-size: large;\">M\u00fclls\u00e4cke<span class=\"Apple-converted-space\">\u00a0<\/span><\/span><\/li>\n<li><span style=\"font-size: large;\">Reinigungsmittel (Glasreiniger, Allzweckreiniger etc.)<span class=\"Apple-converted-space\">\u00a0<\/span><\/span><\/li>\n<li><span style=\"font-size: large;\">Waschpulver<span class=\"Apple-converted-space\">\u00a0<\/span><\/span><\/li>\n<li><span style=\"font-size: large;\">Sp\u00fclmittel<span class=\"Apple-converted-space\">\u00a0<\/span><\/span><\/li>\n<li><span style=\"font-size: large;\">Fl\u00fcssigseife<span class=\"Apple-converted-space\">\u00a0<\/span><\/span><\/li>\n<li><span style=\"font-size: large;\">Einweghandschuhe (Gr\u00f6\u00dfe: S, M, L)<span class=\"Apple-converted-space\">\u00a0<\/span><\/span><\/li>\n<li><span style=\"font-size: large;\">Sp\u00fclschw\u00e4mme<span class=\"Apple-converted-space\">\u00a0<\/span><\/span><\/li>\n<li><span style=\"font-size: large;\">Handbesen mit Schaufel<span class=\"Apple-converted-space\">\u00a0<\/span><\/span><\/li>\n<li><span style=\"font-size: large;\">Schutzoveralls mit Kapuze (Gr\u00f6\u00dfe L, XL)<span class=\"Apple-converted-space\">\u00a0<\/span><\/span><\/li>\n<li><span style=\"font-size: large;\">\u00dcberziehschuhe<span class=\"Apple-converted-space\">\u00a0<\/span><\/span><\/li>\n<\/ul>\n<h3><strong><span style=\"font-size: large;\">Decken, Handt\u00fccher, Bettw\u00e4sche etc.<span class=\"Apple-converted-space\">\u00a0<\/span><\/span><\/strong><\/h3>\n<ul>\n<li><span style=\"font-size: large;\">Pl\u00fcsch-\/Flauschdecken<span class=\"Apple-converted-space\">\u00a0<\/span><\/span><\/li>\n<li><span style=\"font-size: large;\">Badvorleger<span class=\"Apple-converted-space\">\u00a0<\/span><\/span><\/li>\n<\/ul>\n<p>&nbsp;<\/p>\n<p><span style=\"color: rgba(224, 43, 32, 0.67);\"><strong><span style=\"font-size: large;\">Auf Anfrage im B\u00fcro, denn derzeit haben wir genug<span class=\"Apple-converted-space\">\u00a0<\/span><\/span><\/strong><\/span><\/p>\n<ul>\n<li><span style=\"font-size: large;\">Bettw\u00e4sche<span class=\"Apple-converted-space\">\u00a0<\/span><\/span><\/li>\n<li><span style=\"font-size: large;\">Handt\u00fccher<span class=\"Apple-converted-space\">\u00a0<\/span><\/span><\/li>\n<li><span style=\"font-size: large;\">Badet\u00fccher<span class=\"Apple-converted-space\">\u00a0<\/span><\/span><\/li>\n<\/ul>\n<ul><\/ul>\n<p>&nbsp;<\/p>\n<p><span style=\"font-size: large;\">Wer uns und unsere Arbeit wirklich unterst\u00fctzen will, ist im Flohmarkt-Team des Tierheims gerne gesehen.<br \/>Kontaktaufnahme bitte \u00fcber das <span style=\"text-decoration: underline;\"><a href=\"\/kontakt\">Tierheim-B\u00fcro.<\/a><\/span><\/span><\/p>\n<p>[\/et_pb_text][\/et_pb_column][\/et_pb_row][\/et_pb_section]<\/p>\n","protected":false},"excerpt":{"rendered":"<p>Sach- &amp; Futterspenden Derzeit Annahmestopp f\u00fcr Flohmarktwaren! Liebe Spender,wir bedanken uns f\u00fcr die Sachspenden, die wir \u00fcber unsere Futterspendenboxen (siehe Liste unten) erhalten. Bei Spenden in gr\u00f6\u00dferem Umfang bitten wir Sie, diese direkt im Tierheim Dachau abzugeben. Bei vorheriger telefonischer Ank\u00fcndigung sind wir auch gerne beim Ausladen behilflich. Bei Sachspenden k\u00f6nnen wir Ihnen auf Wunsch [&hellip;]<\/p>\n","protected":false},"author":1,"featured_media":0,"parent":0,"menu_order":0,"comment_status":"closed","ping_status":"closed","template":"","meta":{"_et_pb_use_builder":"on","_et_pb_old_content":"<!-- wp:divi\/placeholder \/-->","_et_gb_content_width":"","inline_featured_image":false,"footnotes":""},"class_list":["post-495","page","type-page","status-publish","hentry"],"_links":{"self":[{"href":"https:\/\/tierschutz.dachau.net\/index.php?rest_route=\/wp\/v2\/pages\/495","targetHints":{"allow":["GET"]}}],"collection":[{"href":"https:\/\/tierschutz.dachau.net\/index.php?rest_route=\/wp\/v2\/pages"}],"about":[{"href":"https:\/\/tierschutz.dachau.net\/index.php?rest_route=\/wp\/v2\/types\/page"}],"author":[{"embeddable":true,"href":"https:\/\/tierschutz.dachau.net\/index.php?rest_route=\/wp\/v2\/users\/1"}],"replies":[{"embeddable":true,"href":"https:\/\/tierschutz.dachau.net\/index.php?rest_route=%2Fwp%2Fv2%2Fcomments&post=495"}],"version-history":[{"count":23,"href":"https:\/\/tierschutz.dachau.net\/index.php?rest_route=\/wp\/v2\/pages\/495\/revisions"}],"predecessor-version":[{"id":30187,"href":"https:\/\/tierschutz.dachau.net\/index.php?rest_route=\/wp\/v2\/pages\/495\/revisions\/30187"}],"wp:attachment":[{"href":"https:\/\/tierschutz.dachau.net\/index.php?rest_route=%2Fwp%2Fv2%2Fmedia&parent=495"}],"curies":[{"name":"wp","href":"https:\/\/api.w.org\/{rel}","templated":true}]}}