{"id":493,"date":"2024-08-22T21:13:41","date_gmt":"2024-08-22T19:13:41","guid":{"rendered":"http:\/\/wordpress.p675077.webspaceconfig.de\/?page_id=493"},"modified":"2024-12-01T18:51:01","modified_gmt":"2024-12-01T17:51:01","slug":"geldspenden","status":"publish","type":"page","link":"https:\/\/tierschutz.dachau.net\/?page_id=493","title":{"rendered":"Geldspenden"},"content":{"rendered":"<p>[et_pb_section fb_built=&#8220;1&#8243; _builder_version=&#8220;4.27.2&#8243; _module_preset=&#8220;default&#8220; custom_margin=&#8220;154px||||false|false&#8220; custom_padding=&#8220;38px|||||&#8220; global_colors_info=&#8220;{}&#8220;][et_pb_row _builder_version=&#8220;4.27.0&#8243; _module_preset=&#8220;default&#8220; custom_margin=&#8220;-206px|auto||auto||&#8220; global_colors_info=&#8220;{}&#8220;][et_pb_column type=&#8220;4_4&#8243; _builder_version=&#8220;4.27.0&#8243; _module_preset=&#8220;default&#8220; global_colors_info=&#8220;{}&#8220;][et_pb_text _builder_version=&#8220;4.27.2&#8243; _module_preset=&#8220;default&#8220; global_colors_info=&#8220;{}&#8220;]<\/p>\n<h1><strong><span style=\"font-size: large;\">Info zu Spenden und Spendenbescheinigungen<\/span><\/strong><\/h1>\n<p class=\"auto-style54\"><span style=\"font-size: large;\">Der Tierschutzverein Dachau e.V. ist ein gemeinn\u00fctziger Verein mit der Befugnis, f\u00fcr erhaltene Spenden Nachweise auszustellen, damit diese steuerlich absetzbar sind. F\u00fcr Betr\u00e4ge bis zu 300,- \u20ac gen\u00fcgt ein &#8222;vereinfachter Spendennachweis&#8220;, d.h. Sie reichen dem Finanzamt eine Kopie des \u00dcberweisungstr\u00e4gers, Kontoauszugs oder sonst. Beleg ein und nennen als Verwendungszweck<\/span><\/p>\n<p class=\"auto-style55\"><span style=\"font-size: large;\"><strong>&#8222;Spende an den Tierschutzverein Dachau, Freistellungsnummer 115 \/ 111 \/ 00196 vom 17.08.2023&#8220;.<\/strong><\/span><\/p>\n<p class=\"auto-style56\"><span style=\"font-size: large;\">Die Spende sollte ohne weitere Angaben anerkannt werden.<\/span><\/p>\n<p><span style=\"font-size: large;\">F\u00fcr Spenden gr\u00f6\u00dfer als 300,- \u20ac fordern Sie bitte eine Zuwendungsbescheinigung unter <a href=\"mailto:buero@tierschutzverein-dachau.de?subject=Spendenbescheinigung\"><strong>buero@tierschutzverein-dachau.de<\/strong><\/a> an und teilen Sie uns darin Ihre Anschrift mit. Sie geht Ihnen dann umgehend zu.<\/span><\/p>\n<p class=\"auto-style6\"><span style=\"font-size: large;\"><strong>Spendenkonten sind:<\/strong><\/span><\/p>\n<p class=\"auto-style6\"><span style=\"font-size: large;\"><strong><\/strong><\/span><\/p>\n<p class=\"auto-style6\"><span style=\"text-decoration: underline;\"><span style=\"font-size: large;\"><strong><\/strong><\/span><\/span><\/p>\n<h3 class=\"auto-style6\"><span style=\"font-size: large;\"><span style=\"text-decoration: underline;\"><strong>Sparkasse Dachau<br \/><\/strong><\/span><br \/><strong>BIC:<\/strong> BYLADEM1DAH<br \/><strong>IBAN:<\/strong> DE17 7005 1540 0080 8664 86<\/span><span style=\"font-size: large;\"><strong><\/strong><\/span><\/h3>\n<p class=\"auto-style6\"><span style=\"font-size: large;\"><\/span><\/p>\n<p class=\"auto-style6\"><span style=\"text-decoration: underline;\"><span style=\"font-size: large;\"><\/span><\/span><\/p>\n<h3 class=\"auto-style6\"><span style=\"font-size: large;\"><span style=\"text-decoration: underline;\"><strong>Volks- und Raiffeisenbank Dachau<br \/><\/strong><\/span><br \/><strong>BIC:<\/strong> GENODEF1DCA<br \/><strong>IBAN:<\/strong> DE90 7009 1500 0000 2700 08<br \/><\/span><\/h3>\n<p class=\"auto-style6\"><span style=\"font-size: large;\"><strong><\/strong><\/span><\/p>\n<p><span style=\"font-size: large;\">\u00a0<\/span><\/p>\n<div class=\"auto-style53\"><span style=\"font-size: large;\">oder helfen Sie uns einfach \u00fcber einen Spende via <strong>PayPal.<\/strong><\/span><\/div>\n<p>[\/et_pb_text][\/et_pb_column][\/et_pb_row][et_pb_row _builder_version=&#8220;4.27.2&#8243; _module_preset=&#8220;default&#8220; global_colors_info=&#8220;{}&#8220;][et_pb_column type=&#8220;4_4&#8243; _builder_version=&#8220;4.27.2&#8243; _module_preset=&#8220;default&#8220; global_colors_info=&#8220;{}&#8220;][et_pb_code _builder_version=&#8220;4.27.2&#8243; _module_preset=&#8220;default&#8220; text_orientation=&#8220;center&#8220; custom_padding=&#8220;0px|||||&#8220; global_module=&#8220;2059&#8243; saved_tabs=&#8220;all&#8220; global_colors_info=&#8220;{}&#8220;]\u00a0 \u00a0 \u00a0 <!-- PayPal Logo --><!-- [et_pb_line_break_holder] --><!\u2013- [et_pb_br_holder] -\u2013><!\u2013- [et_pb_br_holder] -\u2013><!-- [et_pb_line_break_holder] -->    \t<\/p>\n<tr>\n<td align=\"center\"><!-- [et_pb_line_break_holder] -->\t\t<a href=\"https:\/\/www.paypal.com\/de\/webapps\/mpp\/paypal-popup\" onclick=\"javascript:window.open('https:\/\/www.paypal.com\/de\/webapps\/mpp\/paypal-popup','WIPaypal','toolbar=no, location=no, directories=no, status=no, menubar=no, scrollbars=yes, resizable=yes, width=715, height=539); return false;\" target=\"_blank\" title=\"So funktioniert PayPal\" rel=\"noopener\"><!-- [et_pb_line_break_holder] -->    \t<img decoding=\"async\" src=\"https:\/\/www.paypalobjects.com\/webstatic\/de_DE\/i\/de-pp-logo-100px.png\" border=\"0\" alt=\"PayPal Logo\"><\/a><\/td>\n<\/tr>\n<\/tbody>\n<\/table>\n<p><!-- [et_pb_line_break_holder] -->    <!-- PayPal Logo --><!-- [et_pb_line_break_holder] -->    <!-- [et_pb_line_break_holder] -->    <!-- PayPal Button --><!-- [et_pb_line_break_holder] -->    \t<\/pee><!-- [et_pb_line_break_holder] --><\/p>\n<form action=\"https:\/\/www.paypal.com\/cgi-bin\/webscr\" method=\"post\" target=\"_blank\" class=\"auto-style44\"><!-- [et_pb_line_break_holder] -->\t\t\t<input type=\"hidden\" name=\"cmd\" value=\"_s-xclick\"><!-- [et_pb_line_break_holder] -->\t\t\t<input type=\"hidden\" name=\"hosted_button_id\" value=\"C4FR87MZ5MKUL\"><!-- [et_pb_line_break_holder] -->\t\t\t<input type=\"image\" src=\"https:\/\/www.paypalobjects.com\/de_DE\/DE\/i\/btn\/btn_donateCC_LG.gif\" border=\"0\" name=\"submit\" alt=\"Jetzt einfach, schnell und sicher online bezahlen \u2013 mit PayPal.\"><!-- [et_pb_line_break_holder] -->\t\t\t<img loading=\"lazy\" decoding=\"async\" alt=\"\" border=\"0\" src=\"https:\/\/www.paypalobjects.com\/de_DE\/i\/scr\/pixel.gif\" width=\"1\" height=\"1\"><!-- [et_pb_line_break_holder] -->\t\t<\/form>\n<p>[\/et_pb_code][\/et_pb_column][\/et_pb_row][et_pb_row _builder_version=&#8220;4.27.2&#8243; _module_preset=&#8220;default&#8220; global_colors_info=&#8220;{}&#8220;][et_pb_column type=&#8220;4_4&#8243; _builder_version=&#8220;4.27.2&#8243; _module_preset=&#8220;default&#8220; global_colors_info=&#8220;{}&#8220;][et_pb_image src=&#8220;https:\/\/tierschutz.dachau.net\/tsvdah2\/wp-content\/uploads\/2024\/10\/spenden-tierschutz-dachau.jpg&#8220; title_text=&#8220;spenden-tierschutz-dachau&#8220; _builder_version=&#8220;4.27.2&#8243; _module_preset=&#8220;default&#8220; border_radii=&#8220;on|20px|20px|20px|20px&#8220; global_colors_info=&#8220;{}&#8220;][\/et_pb_image][\/et_pb_column][\/et_pb_row][\/et_pb_section]<\/p>\n","protected":false},"excerpt":{"rendered":"<p>Info zu Spenden und Spendenbescheinigungen Der Tierschutzverein Dachau e.V. ist ein gemeinn\u00fctziger Verein mit der Befugnis, f\u00fcr erhaltene Spenden Nachweise auszustellen, damit diese steuerlich absetzbar sind. F\u00fcr Betr\u00e4ge bis zu 300,- \u20ac gen\u00fcgt ein &#8222;vereinfachter Spendennachweis&#8220;, d.h. Sie reichen dem Finanzamt eine Kopie des \u00dcberweisungstr\u00e4gers, Kontoauszugs oder sonst. Beleg ein und nennen als Verwendungszweck &#8222;Spende [&hellip;]<\/p>\n","protected":false},"author":1,"featured_media":0,"parent":0,"menu_order":0,"comment_status":"closed","ping_status":"closed","template":"","meta":{"_et_pb_use_builder":"on","_et_pb_old_content":"<!-- wp:divi\/placeholder \/-->","_et_gb_content_width":"","inline_featured_image":false,"footnotes":""},"class_list":["post-493","page","type-page","status-publish","hentry"],"_links":{"self":[{"href":"https:\/\/tierschutz.dachau.net\/index.php?rest_route=\/wp\/v2\/pages\/493","targetHints":{"allow":["GET"]}}],"collection":[{"href":"https:\/\/tierschutz.dachau.net\/index.php?rest_route=\/wp\/v2\/pages"}],"about":[{"href":"https:\/\/tierschutz.dachau.net\/index.php?rest_route=\/wp\/v2\/types\/page"}],"author":[{"embeddable":true,"href":"https:\/\/tierschutz.dachau.net\/index.php?rest_route=\/wp\/v2\/users\/1"}],"replies":[{"embeddable":true,"href":"https:\/\/tierschutz.dachau.net\/index.php?rest_route=%2Fwp%2Fv2%2Fcomments&post=493"}],"version-history":[{"count":10,"href":"https:\/\/tierschutz.dachau.net\/index.php?rest_route=\/wp\/v2\/pages\/493\/revisions"}],"predecessor-version":[{"id":28784,"href":"https:\/\/tierschutz.dachau.net\/index.php?rest_route=\/wp\/v2\/pages\/493\/revisions\/28784"}],"wp:attachment":[{"href":"https:\/\/tierschutz.dachau.net\/index.php?rest_route=%2Fwp%2Fv2%2Fmedia&parent=493"}],"curies":[{"name":"wp","href":"https:\/\/api.w.org\/{rel}","templated":true}]}}