{"id":1746,"date":"2024-09-11T21:40:39","date_gmt":"2024-09-11T19:40:39","guid":{"rendered":"http:\/\/wordpress.p675077.webspaceconfig.de\/?page_id=1746"},"modified":"2025-12-16T17:22:47","modified_gmt":"2025-12-16T16:22:47","slug":"formulare","status":"publish","type":"page","link":"https:\/\/tierschutz.dachau.net\/?page_id=1746","title":{"rendered":"Formulare"},"content":{"rendered":"<p>[et_pb_section fb_built=&#8220;1&#8243; _builder_version=&#8220;4.27.0&#8243; _module_preset=&#8220;default&#8220; global_colors_info=&#8220;{}&#8220;][et_pb_row column_structure=&#8220;1_3,1_3,1_3&#8243; _builder_version=&#8220;4.27.0&#8243; _module_preset=&#8220;default&#8220; global_colors_info=&#8220;{}&#8220;][et_pb_column type=&#8220;1_3&#8243; _builder_version=&#8220;4.27.0&#8243; _module_preset=&#8220;default&#8220; global_colors_info=&#8220;{}&#8220;][et_pb_button button_url=&#8220;\/tsvdah2\/wp-content\/uploads\/2024\/09\/beitritterklaerung-tierschutzverein-dachau-web.pdf&#8220; button_text=&#8220;Mitgliedsantrag&#8220; button_alignment=&#8220;center&#8220; _builder_version=&#8220;4.27.2&#8243; _module_preset=&#8220;default&#8220; custom_button=&#8220;on&#8220; button_icon=&#8220;&#xf1c1;||fa||400&#8243; animation_style=&#8220;slide&#8220; animation_direction=&#8220;top&#8220; global_colors_info=&#8220;{}&#8220;][\/et_pb_button][\/et_pb_column][et_pb_column type=&#8220;1_3&#8243; _builder_version=&#8220;4.27.0&#8243; _module_preset=&#8220;default&#8220; global_colors_info=&#8220;{}&#8220;][et_pb_button button_url=&#8220;\/tsvdah2\/wp-content\/uploads\/2024\/10\/Selbstauskunft-Tierschutzverein-Dachau-web-1.pdf&#8220; url_new_window=&#8220;on&#8220; button_text=&#8220;Selbstauskunft Adoption&#8220; button_alignment=&#8220;center&#8220; _builder_version=&#8220;4.27.2&#8243; _module_preset=&#8220;default&#8220; custom_button=&#8220;on&#8220; button_icon=&#8220;&#xf1c1;||fa||400&#8243; animation_style=&#8220;slide&#8220; animation_direction=&#8220;top&#8220; global_colors_info=&#8220;{}&#8220;][\/et_pb_button][\/et_pb_column][et_pb_column type=&#8220;1_3&#8243; _builder_version=&#8220;4.27.0&#8243; _module_preset=&#8220;default&#8220; global_colors_info=&#8220;{}&#8220;][et_pb_button button_url=&#8220;\/tsvdah2\/wp-content\/uploads\/2024\/10\/Tierpatenschaft-Tierheim-Dachau.pdf&#8220; url_new_window=&#8220;on&#8220; button_text=&#8220;Tierpatenschaft&#8220; button_alignment=&#8220;center&#8220; _builder_version=&#8220;4.27.2&#8243; _module_preset=&#8220;default&#8220; custom_button=&#8220;on&#8220; button_icon=&#8220;&#xf1c1;||fa||400&#8243; animation_style=&#8220;slide&#8220; animation_direction=&#8220;top&#8220; global_colors_info=&#8220;{}&#8220;][\/et_pb_button][\/et_pb_column][\/et_pb_row][\/et_pb_section][et_pb_section fb_built=&#8220;1&#8243; _builder_version=&#8220;4.27.2&#8243; _module_preset=&#8220;default&#8220; global_colors_info=&#8220;{}&#8220;][et_pb_row _builder_version=&#8220;4.27.2&#8243; _module_preset=&#8220;default&#8220; global_colors_info=&#8220;{}&#8220;][et_pb_column type=&#8220;4_4&#8243; _builder_version=&#8220;4.27.2&#8243; _module_preset=&#8220;default&#8220; global_colors_info=&#8220;{}&#8220;][et_pb_text _builder_version=&#8220;4.27.2&#8243; _module_preset=&#8220;default&#8220; global_colors_info=&#8220;{}&#8220;]<\/p>\n<h3><strong>Anleitung zum Ausf\u00fcllen und Einreichen von PDF-Formularen<\/strong><\/h3>\n<p>&nbsp;<\/p>\n<p>&nbsp;<\/p>\n<ol>\n<li>\n<h3><span style=\"font-size: large;\"><strong>\u00d6ffnen des Formulars:<\/strong><\/span><\/h3>\n<ul>\n<li><span style=\"font-size: large;\">Besuchen Sie die Webseite, auf der das Formular zur Verf\u00fcgung gestellt wird.<\/span><\/li>\n<li><span style=\"font-size: large;\">Klicken Sie auf den Link oder Button, der das Formular im PDF-Format \u00f6ffnet. Das Formular wird direkt im Browser angezeigt.<\/span><\/li>\n<\/ul>\n<\/li>\n<li>\n<h3><span style=\"font-size: large;\"><strong>Formular ausf\u00fcllen:<\/strong><\/span><\/h3>\n<ul>\n<li><span style=\"font-size: large;\">Klicken Sie auf die Felder im Formular, um Informationen einzugeben. In den meisten Browsern k\u00f6nnen Sie direkt auf den Textfeldern schreiben oder Auswahlk\u00e4stchen markieren.<\/span><\/li>\n<li><span style=\"font-size: large;\">Geben Sie Ihre Daten ein komplett ein und achten Sie darauf, alle erforderlichen Felder auszuf\u00fcllen.<\/span><\/li>\n<\/ul>\n<\/li>\n<li>\n<h3><span style=\"font-size: large;\"><strong>Formular \u00fcberpr\u00fcfen:<\/strong><\/span><\/h3>\n<ul>\n<li><span style=\"font-size: large;\">Nachdem Sie alle Informationen eingetragen haben, \u00fcberpr\u00fcfen Sie das Formular noch einmal sorgf\u00e4ltig. Achten Sie darauf, dass keine Informationen fehlen und alles korrekt ist.<\/span><\/li>\n<\/ul>\n<\/li>\n<li>\n<h3><span style=\"font-size: large;\"><strong>Formular drucken:<\/strong><\/span><\/h3>\n<ul>\n<li><span style=\"font-size: large;\">Wenn Sie mit dem Ausf\u00fcllen fertig sind, drucken Sie das Formular aus. Dazu dr\u00fccken Sie entweder:<\/span>\n<ul>\n<li><span style=\"font-size: large;\">Die Tastenkombination <code>Strg + P<\/code> (Windows) oder <code>Cmd + P<\/code> (Mac), um das Druckmen\u00fc zu \u00f6ffnen.<\/span><\/li>\n<li><span style=\"font-size: large;\">Oder Sie klicken auf das Drucksymbol im Browser.<\/span><\/li>\n<\/ul>\n<\/li>\n<li><span style=\"font-size: large;\">W\u00e4hlen Sie Ihren Drucker aus und best\u00e4tigen Sie den Druck.<\/span><\/li>\n<\/ul>\n<\/li>\n<li>\n<h3><span style=\"font-size: large;\"><strong>Formular unterschreiben:<\/strong><\/span><\/h3>\n<ul>\n<li><span style=\"font-size: large;\">Nach dem Ausdrucken unterschreiben Sie das Formular an den vorgesehenen Stellen. <strong>Die Selbstauskunft muss nicht unterschrieben werden.<\/strong> Diese k\u00f6nnen Sie speichern und per Mail an <a href=\"mailto:buero@tierschutzverein-dachau.de\" class=\"\"><span style=\"color: #606060;\"><strong>buero@tierschutzverein-dachau.de<\/strong> direkt an uns senden.<\/span><\/a><\/span><\/li>\n<\/ul>\n<\/li>\n<li>\n<h3><span style=\"font-size: large;\"><strong>Formular einreichen:<\/strong><\/span><\/h3>\n<ul>\n<li><span style=\"font-size: large;\"><span style=\"font-size: large;\">Reichen Sie das ausgef\u00fcllte und unterschriebene Formular entweder per Mail an <a href=\"mailto:buero@tierschutzverein-dachau.de\" class=\"\"><span style=\"color: #606060;\"><strong>buero@tierschutzverein-dachau.de<\/strong><\/span><\/a> ein, pers\u00f6nlich zu unseren B\u00fcrozeiten oder senden Sie es per Post an<\/span><\/span>\n<p>&nbsp;<\/p>\n<h3><span style=\"font-size: large;\"><br \/><strong>Tierschutzvereins Dachau e.V. <\/strong><br \/><strong>Ro\u00dfwachtstr 33 <\/strong><br \/><strong>D-85221 Dachau<\/strong><\/span><\/h3>\n<\/li>\n<\/ul>\n<\/li>\n<\/ol>\n<h3><\/h3>\n<h3><span style=\"font-size: large;\"><\/span><\/h3>\n<h3><span style=\"font-size: large;\"><\/span><\/h3>\n<h3><strong><span style=\"font-size: large;\">Tipps:<\/span><\/strong><\/h3>\n<ul>\n<li><span style=\"font-size: large;\"><strong>Speichern:<\/strong> Sie k\u00f6nnen das ausgef\u00fcllte Formular auch auf Ihrem Computer speichern, bevor Sie es drucken. Klicken Sie dazu auf &#8222;Speichern&#8220; im Druckmen\u00fc und speichern Sie es als PDF.<\/span><\/li>\n<li><span style=\"font-size: large;\"><span style=\"font-size: large;\"><span style=\"font-size: large;\"><strong>Browser verwenden:<\/strong> Verwenden Sie g\u00e4ngige Browser wie Google Chrome, Firefox oder Microsoft Edge, um PDF-Dateien direkt im Browser auszuf\u00fcllen.<\/span><\/span><\/span>\n<p>&nbsp;<\/p>\n<p><span style=\"font-size: large;\"><strong>Bitte beachten Sie, dass ein direktes Ausf\u00fcllen der Formulare im Browser ohne vorheriges Speichern (z. B. bei Nutzung eines iPads) nicht m\u00f6glich ist. <\/strong><\/span><\/p>\n<\/li>\n<\/ul>\n<p>[\/et_pb_text][\/et_pb_column][\/et_pb_row][\/et_pb_section]<\/p>\n","protected":false},"excerpt":{"rendered":"<p>Anleitung zum Ausf\u00fcllen und Einreichen von PDF-Formularen &nbsp; &nbsp; \u00d6ffnen des Formulars: Besuchen Sie die Webseite, auf der das Formular zur Verf\u00fcgung gestellt wird. Klicken Sie auf den Link oder Button, der das Formular im PDF-Format \u00f6ffnet. Das Formular wird direkt im Browser angezeigt. Formular ausf\u00fcllen: Klicken Sie auf die Felder im Formular, um Informationen [&hellip;]<\/p>\n","protected":false},"author":1,"featured_media":0,"parent":0,"menu_order":0,"comment_status":"closed","ping_status":"closed","template":"","meta":{"_et_pb_use_builder":"on","_et_pb_old_content":"<!-- wp:divi\/placeholder \/-->","_et_gb_content_width":"","inline_featured_image":false,"footnotes":""},"class_list":["post-1746","page","type-page","status-publish","hentry"],"_links":{"self":[{"href":"https:\/\/tierschutz.dachau.net\/index.php?rest_route=\/wp\/v2\/pages\/1746","targetHints":{"allow":["GET"]}}],"collection":[{"href":"https:\/\/tierschutz.dachau.net\/index.php?rest_route=\/wp\/v2\/pages"}],"about":[{"href":"https:\/\/tierschutz.dachau.net\/index.php?rest_route=\/wp\/v2\/types\/page"}],"author":[{"embeddable":true,"href":"https:\/\/tierschutz.dachau.net\/index.php?rest_route=\/wp\/v2\/users\/1"}],"replies":[{"embeddable":true,"href":"https:\/\/tierschutz.dachau.net\/index.php?rest_route=%2Fwp%2Fv2%2Fcomments&post=1746"}],"version-history":[{"count":29,"href":"https:\/\/tierschutz.dachau.net\/index.php?rest_route=\/wp\/v2\/pages\/1746\/revisions"}],"predecessor-version":[{"id":30211,"href":"https:\/\/tierschutz.dachau.net\/index.php?rest_route=\/wp\/v2\/pages\/1746\/revisions\/30211"}],"wp:attachment":[{"href":"https:\/\/tierschutz.dachau.net\/index.php?rest_route=%2Fwp%2Fv2%2Fmedia&parent=1746"}],"curies":[{"name":"wp","href":"https:\/\/api.w.org\/{rel}","templated":true}]}}