{"id":1422,"date":"2024-09-05T13:42:10","date_gmt":"2024-09-05T11:42:10","guid":{"rendered":"http:\/\/wordpress.p675077.webspaceconfig.de\/?page_id=1422"},"modified":"2024-10-04T01:55:13","modified_gmt":"2024-10-03T23:55:13","slug":"mein-letzter-wille","status":"publish","type":"page","link":"https:\/\/tierschutz.dachau.net\/?page_id=1422","title":{"rendered":"Mein letzter Wille"},"content":{"rendered":"<p>[et_pb_section fb_built=&#8220;1&#8243; fullwidth=&#8220;on&#8220; _builder_version=&#8220;4.27.0&#8243; _module_preset=&#8220;default&#8220; global_colors_info=&#8220;{}&#8220;][et_pb_fullwidth_slider use_bg_overlay=&#8220;off&#8220; use_text_overlay=&#8220;off&#8220; _builder_version=&#8220;4.27.2&#8243; _dynamic_attributes=&#8220;link_option_url&#8220; _module_preset=&#8220;default&#8220; use_background_color_gradient=&#8220;on&#8220; background_image=&#8220;https:\/\/tierschutz.dachau.net\/tsvdah2\/wp-content\/uploads\/2024\/09\/testament-tierheim-spenden.jpg&#8220; link_option_url=&#8220;@ET-DC@eyJkeW5hbWljIjp0cnVlLCJjb250ZW50IjoicG9zdF9saW5rX3VybF9wYWdlIiwic2V0dGluZ3MiOnsicG9zdF9pZCI6IjQxOCJ9fQ==@&#8220; hover_enabled=&#8220;0&#8243; global_colors_info=&#8220;{}&#8220; sticky_enabled=&#8220;0&#8243; show_arrows=&#8220;off&#8220; show_pagination=&#8220;off&#8220;][et_pb_slide heading=&#8220;Vorsorgen und Gutes tun.&#8220; button_text=&#8220;Jetzt Kontakt aufnehmen&#8220; _builder_version=&#8220;4.27.2&#8243; _module_preset=&#8220;default&#8220; hover_enabled=&#8220;0&#8243; inline_fonts=&#8220;Arial&#8220; global_colors_info=&#8220;{}&#8220; sticky_transition=&#8220;on&#8220; button_link=&#8220;@ET-DC@eyJkeW5hbWljIjp0cnVlLCJjb250ZW50IjoicG9zdF9saW5rX3VybF9wYWdlIiwic2V0dGluZ3MiOnsicG9zdF9pZCI6IjQxOCJ9fQ==@&#8220; _dynamic_attributes=&#8220;button_link&#8220; sticky_enabled=&#8220;0&#8243;]<\/p>\n<h4><span style=\"font-family: Arial; font-weight: normal; color: #000000;\"><strong><span style=\"color: #ffffff;\">Wenden Sie sich vertrauensvoll an unseren Vorstand.<\/span><\/strong>\u00a0<\/span><\/h4>\n<p>[\/et_pb_slide][\/et_pb_fullwidth_slider][\/et_pb_section][et_pb_section fb_built=&#8220;1&#8243; _builder_version=&#8220;4.27.0&#8243; _module_preset=&#8220;default&#8220; custom_padding=&#8220;39px|||||&#8220; global_colors_info=&#8220;{}&#8220;][et_pb_row _builder_version=&#8220;4.27.0&#8243; _module_preset=&#8220;default&#8220; custom_margin=&#8220;||||false|false&#8220; global_colors_info=&#8220;{}&#8220;][et_pb_column type=&#8220;4_4&#8243; _builder_version=&#8220;4.27.0&#8243; _module_preset=&#8220;default&#8220; global_colors_info=&#8220;{}&#8220;][et_pb_text _builder_version=&#8220;4.27.0&#8243; _module_preset=&#8220;default&#8220; global_colors_info=&#8220;{}&#8220;]<\/p>\n<h1><span style=\"color: #0066b3;\"><strong>F\u00fcr die Zukunft Ihres Tieres.<\/p>\n<p><\/strong><\/span><\/h1>\n<h4><span style=\"color: #0066b3;\"><strong>Sichern Sie F\u00fcrsorge und Geborgenheit, <br \/>auch wenn Sie nicht mehr da sind.<\/strong><\/span><span style=\"color: #000000;\"><\/span><\/h4>\n<p><span style=\"color: #000000;\"><\/span><\/p>\n<p><span style=\"color: #000000;\"><\/span><\/p>\n<p><span style=\"color: #000000;\"><\/span><\/p>\n<p>[\/et_pb_text][et_pb_text _builder_version=&#8220;4.27.0&#8243; _module_preset=&#8220;default&#8220; custom_padding=&#8220;1px|||||&#8220; global_colors_info=&#8220;{}&#8220;]<\/p>\n<h2><span style=\"color: #0066b3;\"><strong>Wer k\u00fcmmert sich um Ihr Tier, wenn Sie es nicht mehr k\u00f6nnen?<\/strong><\/span><\/h2>\n<p><span style=\"font-size: large;\">Die Bindung zu unseren Tieren ist tief und einzigartig. Doch was passiert, wenn der Moment kommt, in dem Sie nicht mehr f\u00fcr Ihr geliebtes Haustier da sein k\u00f6nnen? Diese Frage besch\u00e4ftigt viele Tierhalter, und wir verstehen, wie schwer es sein kann, sich mit diesem Gedanken auseinanderzusetzen\u2028\u2028Unsere L\u00f6sung: Liebevolle F\u00fcrsorge f\u00fcr Ihr Tier nach Ihrem Wunsch.<\/span><\/p>\n<p><span style=\"font-size: large;\"><\/span><\/p>\n<p><span style=\"font-size: large;\"><\/span><\/p>\n<p><span style=\"font-size: large;\"><\/span><\/p>\n<h3><span style=\"color: #0066b3;\"><strong>In unserem Tierheim bieten wir Ihnen eine einf\u00fchlsame und verantwortungsvolle L\u00f6sung.<\/strong><\/span><\/h3>\n<p><span style=\"font-size: large;\">Wir sorgen daf\u00fcr, dass Ihr Tier in liebevolle H\u00e4nde kommt und die beste Betreuung erh\u00e4lt \u2013 ganz nach Ihren Vorgaben. Ob Unterbringung, Versorgung oder Weitervermittlung: Wir \u00fcbernehmen diese Aufgaben in Ihrem Sinne und garantieren, dass Ihr Liebling ein sicheres Zuhause findet.<\/span><span style=\"font-size: large;\"><\/span><\/p>\n<p><span style=\"font-size: large;\"><\/span><\/p>\n<p><span style=\"font-size: large;\"><\/span><\/p>\n<p><span style=\"font-size: large;\"><\/span><\/p>\n<h3><span style=\"color: #0066b3;\"><strong>Sicherheit durch testamentarische Regelung<\/strong><\/span><\/h3>\n<p><span style=\"font-size: large;\">Durch eine testamentarische Verf\u00fcgung k\u00f6nnen Sie festlegen, dass unser Tierheim Ihr Tier \u00fcbernimmt und f\u00fcr es sorgt. Ihre finanzielle Unterst\u00fctzung, sei es in Form einer monatlichen Zuwendung oder einer einmaligen Spende, erm\u00f6glicht es uns, Ihre W\u00fcnsche und die Bed\u00fcrfnisse Ihres Tieres zu erf\u00fcllen. So stellen Sie sicher, dass es auch nach Ihrem Tod bestens versorgt wird.<\/span><span style=\"font-size: large;\"><\/span><\/p>\n<p><span style=\"font-size: large;\"><\/span><\/p>\n<p><span style=\"font-size: large;\"><\/span><\/p>\n<p><strong><span style=\"font-size: large;\"><\/span><\/strong><\/p>\n<h3><span style=\"color: #0066b3;\"><strong>Vertrauen Sie auf unsere Erfahrung und Hingabe<\/strong><\/span><\/h3>\n<p><span style=\"font-size: large;\">Unser Team besteht aus engagierten und erfahrenen Tierpflegern, die sich mit gr\u00f6\u00dfter Hingabe um die uns anvertrauten Tiere k\u00fcmmern. Sie k\u00f6nnen sicher sein, dass Ihr Tier die Liebe und Aufmerksamkeit erh\u00e4lt, die es verdient. Mit uns wissen Sie Ihr Tier in besten H\u00e4nden.<\/span><\/p>\n<p>&nbsp;<\/p>\n<h2><span style=\"color: #ff6600;\"><strong>Handeln Sie heute f\u00fcr die Zukunft Ihres Lieblings<\/strong><\/span><\/h2>\n<p><span style=\"font-size: large;\">Machen Sie sich schon heute Gedanken \u00fcber die Zukunft Ihres Haustiers und treffen Sie Vorsorge. Wir stehen Ihnen gerne beratend zur Seite und helfen Ihnen dabei, eine ma\u00dfgeschneiderte L\u00f6sung zu finden, die Ihnen und Ihrem Tier Sicherheit gibt. Sprechen Sie uns an \u2013 gemeinsam finden wir den besten Weg f\u00fcr Ihr Tier.<\/span><\/p>\n<p>[\/et_pb_text][\/et_pb_column][\/et_pb_row][\/et_pb_section][et_pb_section fb_built=&#8220;1&#8243; fullwidth=&#8220;on&#8220; _builder_version=&#8220;4.27.0&#8243; _module_preset=&#8220;default&#8220; global_colors_info=&#8220;{}&#8220;][\/et_pb_section]<\/p>\n","protected":false},"excerpt":{"rendered":"<p>Wenden Sie sich vertrauensvoll an unseren Vorstand.\u00a0F\u00fcr die Zukunft Ihres Tieres. Sichern Sie F\u00fcrsorge und Geborgenheit, auch wenn Sie nicht mehr da sind. Wer k\u00fcmmert sich um Ihr Tier, wenn Sie es nicht mehr k\u00f6nnen? Die Bindung zu unseren Tieren ist tief und einzigartig. Doch was passiert, wenn der Moment kommt, in dem Sie nicht [&hellip;]<\/p>\n","protected":false},"author":5,"featured_media":0,"parent":0,"menu_order":0,"comment_status":"closed","ping_status":"closed","template":"","meta":{"_et_pb_use_builder":"on","_et_pb_old_content":"<!-- wp:divi\/placeholder \/-->","_et_gb_content_width":"","inline_featured_image":false,"footnotes":""},"class_list":["post-1422","page","type-page","status-publish","hentry"],"_links":{"self":[{"href":"https:\/\/tierschutz.dachau.net\/index.php?rest_route=\/wp\/v2\/pages\/1422","targetHints":{"allow":["GET"]}}],"collection":[{"href":"https:\/\/tierschutz.dachau.net\/index.php?rest_route=\/wp\/v2\/pages"}],"about":[{"href":"https:\/\/tierschutz.dachau.net\/index.php?rest_route=\/wp\/v2\/types\/page"}],"author":[{"embeddable":true,"href":"https:\/\/tierschutz.dachau.net\/index.php?rest_route=\/wp\/v2\/users\/5"}],"replies":[{"embeddable":true,"href":"https:\/\/tierschutz.dachau.net\/index.php?rest_route=%2Fwp%2Fv2%2Fcomments&post=1422"}],"version-history":[{"count":26,"href":"https:\/\/tierschutz.dachau.net\/index.php?rest_route=\/wp\/v2\/pages\/1422\/revisions"}],"predecessor-version":[{"id":28435,"href":"https:\/\/tierschutz.dachau.net\/index.php?rest_route=\/wp\/v2\/pages\/1422\/revisions\/28435"}],"wp:attachment":[{"href":"https:\/\/tierschutz.dachau.net\/index.php?rest_route=%2Fwp%2Fv2%2Fmedia&parent=1422"}],"curies":[{"name":"wp","href":"https:\/\/api.w.org\/{rel}","templated":true}]}}