{"id":1378,"date":"2024-09-01T16:10:10","date_gmt":"2024-09-01T14:10:10","guid":{"rendered":"http:\/\/wordpress.p675077.webspaceconfig.de\/?page_id=1378"},"modified":"2026-01-27T16:44:26","modified_gmt":"2026-01-27T15:44:26","slug":"private-notfaelle","status":"publish","type":"page","link":"https:\/\/tierschutz.dachau.net\/?page_id=1378","title":{"rendered":"Private Notf\u00e4lle"},"content":{"rendered":"<p>[et_pb_section fb_built=&#8220;1&#8243; _builder_version=&#8220;4.27.4&#8243; _module_preset=&#8220;default&#8220; global_colors_info=&#8220;{}&#8220;][et_pb_row _builder_version=&#8220;4.27.0&#8243; _module_preset=&#8220;default&#8220; custom_margin=&#8220;10px|auto||auto||&#8220; global_colors_info=&#8220;{}&#8220;][et_pb_column type=&#8220;4_4&#8243; _builder_version=&#8220;4.27.0&#8243; _module_preset=&#8220;default&#8220; global_colors_info=&#8220;{}&#8220;][et_pb_heading title=&#8220;Notfall-Vermittlung &#8220; _builder_version=&#8220;4.27.0&#8243; _module_preset=&#8220;default&#8220; global_colors_info=&#8220;{}&#8220;][\/et_pb_heading][\/et_pb_column][\/et_pb_row][et_pb_row _builder_version=&#8220;4.27.0&#8243; _module_preset=&#8220;default&#8220; global_colors_info=&#8220;{}&#8220;][et_pb_column type=&#8220;4_4&#8243; _builder_version=&#8220;4.27.0&#8243; _module_preset=&#8220;default&#8220; global_colors_info=&#8220;{}&#8220;][et_pb_text _builder_version=&#8220;4.27.0&#8243; _module_preset=&#8220;default&#8220; global_colors_info=&#8220;{}&#8220;]<\/p>\n<p><span style=\"font-size: large;\">Auf dieser Seite versuchen wir Tiere unserer Mitglieder, die auf Grund eines Notfalls abgegeben werden m\u00fcssen, m\u00f6glichst schnell wieder in gute H\u00e4nde zu vermitteln.<\/span><br \/><span style=\"font-size: large;\">Der Kontakt mit dem Tierbesitzer kann immer auch \u00fcber das Tierheim hergestellt werden.<\/span><\/p>\n<p>[\/et_pb_text][et_pb_divider _builder_version=&#8220;4.27.4&#8243; _module_preset=&#8220;default&#8220; global_colors_info=&#8220;{}&#8220;][\/et_pb_divider][\/et_pb_column][\/et_pb_row][et_pb_row _builder_version=&#8220;4.27.4&#8243; _module_preset=&#8220;default&#8220; module_alignment=&#8220;center&#8220; custom_margin=&#8220;|auto||775px||&#8220; global_colors_info=&#8220;{}&#8220;][et_pb_column type=&#8220;4_4&#8243; _builder_version=&#8220;4.27.0&#8243; _module_preset=&#8220;default&#8220; global_colors_info=&#8220;{}&#8220;][et_pb_divider _builder_version=&#8220;4.27.4&#8243; _module_preset=&#8220;default&#8220; global_colors_info=&#8220;{}&#8220;][\/et_pb_divider][et_pb_image src=&#8220;https:\/\/tierschutz.dachau.net\/tsvdah2\/wp-content\/uploads\/2026\/01\/Ruby.jpg&#8220; title_text=&#8220;Ruby&#8220; _builder_version=&#8220;4.27.4&#8243; _module_preset=&#8220;default&#8220; global_colors_info=&#8220;{}&#8220;][\/et_pb_image][et_pb_divider _builder_version=&#8220;4.27.4&#8243; _module_preset=&#8220;default&#8220; global_colors_info=&#8220;{}&#8220;][\/et_pb_divider][et_pb_image src=&#8220;https:\/\/tierschutz.dachau.net\/tsvdah2\/wp-content\/uploads\/2026\/01\/Blu.jpg&#8220; title_text=&#8220;Blu&#8220; _builder_version=&#8220;4.27.4&#8243; _module_preset=&#8220;default&#8220; global_colors_info=&#8220;{}&#8220;][\/et_pb_image][et_pb_divider _builder_version=&#8220;4.27.4&#8243; _module_preset=&#8220;default&#8220; global_colors_info=&#8220;{}&#8220;][\/et_pb_divider][\/et_pb_column][\/et_pb_row][et_pb_row _builder_version=&#8220;4.27.4&#8243; _module_preset=&#8220;default&#8220; module_alignment=&#8220;center&#8220; custom_margin=&#8220;|auto||775px||&#8220; global_colors_info=&#8220;{}&#8220;][et_pb_column type=&#8220;4_4&#8243; _builder_version=&#8220;4.27.0&#8243; _module_preset=&#8220;default&#8220; global_colors_info=&#8220;{}&#8220;][et_pb_divider _builder_version=&#8220;4.27.4&#8243; _module_preset=&#8220;default&#8220; global_colors_info=&#8220;{}&#8220;][\/et_pb_divider][\/et_pb_column][\/et_pb_row][et_pb_row column_structure=&#8220;1_2,1_2&#8243; _builder_version=&#8220;4.27.0&#8243; _module_preset=&#8220;default&#8220; min_height=&#8220;641.4px&#8220; global_colors_info=&#8220;{}&#8220;][et_pb_column type=&#8220;1_2&#8243; _builder_version=&#8220;4.27.0&#8243; _module_preset=&#8220;default&#8220; global_colors_info=&#8220;{}&#8220;][et_pb_image src=&#8220;https:\/\/tierschutz.dachau.net\/tsvdah2\/wp-content\/uploads\/2024\/09\/Junior_g.jpg&#8220; title_text=&#8220;Junior_g&#8220; _builder_version=&#8220;4.27.0&#8243; _module_preset=&#8220;default&#8220; width=&#8220;44%&#8220; border_radii=&#8220;on|20px|20px|20px|20px&#8220; global_colors_info=&#8220;{}&#8220;][\/et_pb_image][et_pb_image src=&#8220;https:\/\/tierschutz.dachau.net\/tsvdah2\/wp-content\/uploads\/2024\/09\/Junior1_g.jpg&#8220; title_text=&#8220;Junior1_g&#8220; _builder_version=&#8220;4.27.0&#8243; _module_preset=&#8220;default&#8220; width=&#8220;75%&#8220; border_radii=&#8220;on|20px|20px|20px|20px&#8220; global_colors_info=&#8220;{}&#8220;][\/et_pb_image][\/et_pb_column][et_pb_column type=&#8220;1_2&#8243; _builder_version=&#8220;4.27.0&#8243; _module_preset=&#8220;default&#8220; global_colors_info=&#8220;{}&#8220;][et_pb_text _builder_version=&#8220;4.27.0&#8243; _module_preset=&#8220;default&#8220; global_colors_info=&#8220;{}&#8220;]<\/p>\n<h2>Junior<br \/>EHK<br \/>Geb. 13.04.2019 &#8211; m\u00e4nnlich &#8211; kastriert<\/h2>\n<p>&nbsp;<\/p>\n<p><span style=\"font-size: large;\">Wir suchen ein neues f\u00fcr-immer-Zuhause als Wohnungskatze f\u00fcr unseren Junior. Junior mussten nach zwei schweren Unf\u00e4llen der Schwanz und ein Vorderlauf amputiert werden. Es geht ihm inzwischen gesundheitlich wieder gut, aber wir haben uns entschlossen, ihn aufgrund seiner k\u00f6rperlichen Einschr\u00e4nkungen nicht mehr in den unkontrollierten Freigang zu entlassen, sondern ihn als Wohnungskatze zu halten.<\/span><\/p>\n<p><span style=\"font-size: large;\">In unserem Haushalt leben auch 4 Freig\u00e4ngerkatzen und leider funktioniert das Zusammenleben nicht so problemlos, wie wir gehofft haben.<\/span><\/p>\n<p><span style=\"font-size: large;\">Unsere Tier\u00e4rztin hat uns geraten, ihm ein neues Zuhause zu suchen, da es f\u00fcr ihn Dauerstress bedeutet, wenn er laufend miterleben muss, wie alle anderen Katzen raus d\u00fcrfen und er immer zur\u00fcckbleiben muss.<\/span><\/p>\n<p><span style=\"font-size: large;\">In seinem neuen Zuhause sollte mindestens eine andere Katze zum Spielen, Rennen und Raufen wohnen und ein gut gesicherter Balkon oder Garten vorhanden sein. Junior ist ein Energieb\u00fcndel, redselig, anh\u00e4nglich, lebhaft und verschmust. Er ist ein wundersch\u00f6ner, gro\u00dfer und stolzer Kater und sehr besonders.<\/span><\/p>\n<p><strong><span style=\"font-size: large;\">Birgit H\u00e4rtwig &#8211; Telefon 08134\/555872<\/span><\/strong><\/p>\n<p>[\/et_pb_text][\/et_pb_column][\/et_pb_row][et_pb_row _builder_version=&#8220;4.27.0&#8243; _module_preset=&#8220;default&#8220; global_colors_info=&#8220;{}&#8220;][et_pb_column type=&#8220;4_4&#8243; _builder_version=&#8220;4.27.0&#8243; _module_preset=&#8220;default&#8220; global_colors_info=&#8220;{}&#8220;][et_pb_divider _builder_version=&#8220;4.27.0&#8243; _module_preset=&#8220;default&#8220; global_colors_info=&#8220;{}&#8220;][\/et_pb_divider][\/et_pb_column][\/et_pb_row][et_pb_row column_structure=&#8220;1_2,1_2&#8243; _builder_version=&#8220;4.27.0&#8243; _module_preset=&#8220;default&#8220; global_colors_info=&#8220;{}&#8220;][et_pb_column type=&#8220;1_2&#8243; _builder_version=&#8220;4.27.0&#8243; _module_preset=&#8220;default&#8220; global_colors_info=&#8220;{}&#8220;][et_pb_image src=&#8220;https:\/\/tierschutz.dachau.net\/tsvdah2\/wp-content\/uploads\/2024\/09\/Hanne2_g.jpg&#8220; title_text=&#8220;Hanne2_g&#8220; _builder_version=&#8220;4.27.0&#8243; _module_preset=&#8220;default&#8220; border_radii=&#8220;on|20px|20px|20px|20px&#8220; global_colors_info=&#8220;{}&#8220;][\/et_pb_image][et_pb_image src=&#8220;https:\/\/tierschutz.dachau.net\/tsvdah2\/wp-content\/uploads\/2024\/09\/Hanne_g.jpg&#8220; title_text=&#8220;Hanne_g&#8220; _builder_version=&#8220;4.27.0&#8243; _module_preset=&#8220;default&#8220; border_radii=&#8220;on|20px|20px|20px|20px&#8220; global_colors_info=&#8220;{}&#8220;][\/et_pb_image][\/et_pb_column][et_pb_column type=&#8220;1_2&#8243; _builder_version=&#8220;4.27.0&#8243; _module_preset=&#8220;default&#8220; global_colors_info=&#8220;{}&#8220;][et_pb_text _builder_version=&#8220;4.27.0&#8243; _module_preset=&#8220;default&#8220; global_colors_info=&#8220;{}&#8220;]<\/p>\n<h2>Hanne<br \/>Mischling<br \/>Geb. ca 2016 &#8211; weiblich &#8211; kastriert<\/h2>\n<p>&nbsp;<\/p>\n<p>&nbsp;<\/p>\n<p><span style=\"font-size: large;\">Unsere blonde Hanne, so lieb, ruhig und vertr\u00e4glich&#8230; sucht ihr endg\u00fcltig zu Hause<\/span><\/p>\n<p><span style=\"font-size: large;\">Die ca. 7j\u00e4hrige Hanne ist der Ruhepol hier in der Gruppe. Sie genie\u00dft es in der Gesellschaft anderer Hunde und Menschen zu sein und hat dabei gern ein ruhiges Pl\u00e4tzchen von dem aus sie dem Geschehen lauschen kann.<\/span><br \/><span style=\"font-size: large;\">Hanne wurden beide Augen operativ entfernt, doch trotz dessen kann sie sich sehr gut orientieren und liebt entspannte, schnupperintensive Spazierg\u00e4nge.<\/span><br \/><span style=\"font-size: large;\">Nat\u00fcrlich muss Hanne erst einmalVertrauen lernen und sich an die neue Umgebung gew\u00f6hnen. Diese sollte ebenerdig und mit Garten sein.<\/span><\/p>\n<p><span style=\"font-size: large;\">Unsere Hanne hat ein wundersch\u00f6nes Fell und ein liebevolles Gem\u00fct. Anfangs tastet sie sich vorsichtig an neue Situationen und Menschen heran. Hat sie erst einmal Vertrauen gefasst weicht sie einem nicht mehr von der Seite und wird ein treuer Wegbegleiter. Dass Hanne keine Rute mehr hat beeintr\u00e4chtigt sie in keiner Weise.<\/span><br \/><span style=\"font-size: large;\">Unsere Sanfte ist stubenrein, geimpft, gechipt und kastriert und orientiert sich sehr gerne an anderen Hunden<\/span><\/p>\n<p><span style=\"font-size: large;\">Darum ziehen wir es vor Hanne in ein zu Hause zu vermitteln, in dem bereits ein Hund lebt. Wer einen gen\u00fcgsamen, ruhigen Hund sucht und keine Ber\u00fchrungs\u00e4ngste mit einem kleinen Handicap hat, ist bei Hanne an der richtigen Adresse.<\/span><\/p>\n<p><span style=\"font-size: large;\">Hanne befindet sich seit etlichen Monaten bereits auf Ihrer Pflegestelle in Mecklenburg-Vorpommern.<\/span><\/p>\n<p>&nbsp;<\/p>\n<p><strong><span style=\"font-size: large;\">Bei Interesse bitte kurze WhatsApp an ihr Pflegefrauchen senden unter 0162\/1986794.<\/span><\/strong><\/p>\n<p>[\/et_pb_text][\/et_pb_column][\/et_pb_row][\/et_pb_section]<\/p>\n","protected":false},"excerpt":{"rendered":"<p>Betty ist Anfang September 2008 im Dachauer Hinterland zur Welt gekommen und kam dann sofort zur jetzigen Besitzerin. Sie ist eine verschmuste Katze, morgens hat sie gerne ihre Streicheleinheiten.<\/p>\n<p>Sie ist daran gewohnt, die Nacht drau\u00dfen zu verbringen und tags\u00fcber mit zu schmusen oder auf ihrem Platz auf der Couch Kraft f\u00fcr die n\u00e4chste Nacht zu sammeln.<br \/>\n&#8222;Auf die Toilette&#8220; geht sie \u00fcberwiegend drau\u00dfen ;)<\/p>\n<p>Sie ist zwar eine \u00e4ltere Dame, aber noch immer eine J\u00e4gerin, sie legt immer noch gerne immer wieder eine Maus vor die Terrassent\u00fcr. (Sie bringt ihre Beute nicht ins Haus).<br \/>\nKrankheiten hatte sie soweit keine.<\/p>\n","protected":false},"author":1,"featured_media":0,"parent":0,"menu_order":0,"comment_status":"closed","ping_status":"closed","template":"","meta":{"_et_pb_use_builder":"on","_et_pb_old_content":"<!-- wp:divi\/placeholder \/-->","_et_gb_content_width":"","inline_featured_image":false,"footnotes":""},"class_list":["post-1378","page","type-page","status-publish","hentry"],"_links":{"self":[{"href":"https:\/\/tierschutz.dachau.net\/index.php?rest_route=\/wp\/v2\/pages\/1378","targetHints":{"allow":["GET"]}}],"collection":[{"href":"https:\/\/tierschutz.dachau.net\/index.php?rest_route=\/wp\/v2\/pages"}],"about":[{"href":"https:\/\/tierschutz.dachau.net\/index.php?rest_route=\/wp\/v2\/types\/page"}],"author":[{"embeddable":true,"href":"https:\/\/tierschutz.dachau.net\/index.php?rest_route=\/wp\/v2\/users\/1"}],"replies":[{"embeddable":true,"href":"https:\/\/tierschutz.dachau.net\/index.php?rest_route=%2Fwp%2Fv2%2Fcomments&post=1378"}],"version-history":[{"count":58,"href":"https:\/\/tierschutz.dachau.net\/index.php?rest_route=\/wp\/v2\/pages\/1378\/revisions"}],"predecessor-version":[{"id":30379,"href":"https:\/\/tierschutz.dachau.net\/index.php?rest_route=\/wp\/v2\/pages\/1378\/revisions\/30379"}],"wp:attachment":[{"href":"https:\/\/tierschutz.dachau.net\/index.php?rest_route=%2Fwp%2Fv2%2Fmedia&parent=1378"}],"curies":[{"name":"wp","href":"https:\/\/api.w.org\/{rel}","templated":true}]}}