{"id":1364,"date":"2024-08-30T01:26:20","date_gmt":"2024-08-29T23:26:20","guid":{"rendered":"http:\/\/wordpress.p675077.webspaceconfig.de\/?page_id=1364"},"modified":"2024-10-04T00:53:09","modified_gmt":"2024-10-03T22:53:09","slug":"chronik","status":"publish","type":"page","link":"https:\/\/tierschutz.dachau.net\/?page_id=1364","title":{"rendered":"Chronik"},"content":{"rendered":"<p>[et_pb_section fb_built=&#8220;1&#8243; _builder_version=&#8220;4.27.0&#8243; _module_preset=&#8220;default&#8220; global_colors_info=&#8220;{}&#8220;][et_pb_row _builder_version=&#8220;4.27.0&#8243; _module_preset=&#8220;default&#8220; global_colors_info=&#8220;{}&#8220;][et_pb_column type=&#8220;4_4&#8243; _builder_version=&#8220;4.27.0&#8243; _module_preset=&#8220;default&#8220; global_colors_info=&#8220;{}&#8220;][et_pb_text _builder_version=&#8220;4.27.0&#8243; _module_preset=&#8220;default&#8220; global_colors_info=&#8220;{}&#8220;]<\/p>\n<h3><strong>Kurzchronik des Tierschutzvereins Dachau e.V.<\/strong><\/h3>\n<p><span style=\"font-size: large;\"><strong>Juni 1981 \u2013 Gr\u00fcndung des Vereins<\/strong><\/span><br \/><span style=\"font-size: large;\">Im Juni 1981 wurde der Tierschutzverein Dachau e.V. ins Leben gerufen, mit dem Ziel, den Tierschutz in der Region nachhaltig zu f\u00f6rdern.<\/span><\/p>\n<p><span style=\"font-size: large;\"><strong>1986 \u2013 1989: Bau des Tierheims<\/strong><\/span><br \/><span style=\"font-size: large;\">Zwischen 1986 und 1989 wurde das Tierheim Dachau errichtet. Die Baukosten beliefen sich auf etwa 1,3 Millionen DM, vollst\u00e4ndig finanziert ohne Zusch\u00fcsse der Kommunen.<\/span><\/p>\n<p><span style=\"font-size: large;\"><strong>1989 \u2013 Er\u00f6ffnung des Tierheims<\/strong><\/span><br \/><span style=\"font-size: large;\">Im Jahr 1989 \u00f6ffnete das Tierheim offiziell seine T\u00fcren. Es war ein gro\u00dfer Meilenstein f\u00fcr den Verein, der nun \u00fcber eine feste Anlaufstelle f\u00fcr den Tierschutz verf\u00fcgte.<\/span><\/p>\n<p><span style=\"font-size: large;\"><strong>1993 \u2013 R\u00fccktritt des Vorstandes und Schlie\u00dfung des Tierheims<\/strong><\/span><br \/><span style=\"font-size: large;\">1993 geriet der Verein in eine Krise: Der Vorstand trat zur\u00fcck, und das Tierheim musste aufgrund eines Schuldenstands von \u00fcber 800.000 DM vor\u00fcbergehend geschlossen werden.<\/span><\/p>\n<p><span style=\"font-size: large;\"><strong>September 1993 \u2013 Neuer Vorstand und Wiederer\u00f6ffnung<\/strong><\/span><br \/><span style=\"font-size: large;\">Im September 1993 \u00fcbernahm Silvia Gruber kommissarisch den Vorstand, und das Tierheim wurde wieder ge\u00f6ffnet. Damit begann eine Phase des Wiederaufbaus.<\/span><\/p>\n<p><span style=\"font-size: large;\"><strong>April 1994 \u2013 Neuwahl des Vorstandes<\/strong><\/span><br \/><span style=\"font-size: large;\">Im April 1994 fand die Neuwahl des Vorstandes statt, was den Grundstein f\u00fcr eine nachhaltige Stabilisierung des Vereins legte.<\/span><\/p>\n<p>&nbsp;<\/p>\n<h3><strong>Kontinuierlicher Schuldenabbau und Eigenleistungen<\/strong><\/h3>\n<p><span style=\"font-size: large;\">In den folgenden Jahren arbeitete der Verein intensiv am Schuldenabbau und an der Finanzierung des Tierheimbetriebs. In Eigenregie wurden zahlreiche Projekte umgesetzt, wie das Einz\u00e4unen des Gel\u00e4ndes und das Fliesen von Zimmern im Wohnhaus, um zus\u00e4tzliche Unterbringungsm\u00f6glichkeiten f\u00fcr Tiere zu schaffen.<\/span><\/p>\n<p><span style=\"font-size: large;\"><strong>2002 \u2013 Einweihung des Kleintierhauses<\/strong><\/span><br \/><span style=\"font-size: large;\">Im Jahr 2002 wurde das neu erbaute Kleintierhaus eingeweiht. Der Bau kostete etwa 660.000 DM, wiederum ohne wesentliche Zusch\u00fcsse der Kommunen.<\/span><\/p>\n<p><span style=\"font-size: large;\"><strong>2013 \u2013 Erweiterungsbau und Landbesitz<\/strong><\/span><br \/><span style=\"font-size: large;\">2013 feierte der Verein die Einweihung eines Erweiterungsbaus f\u00fcr Katzen, erstmals unterst\u00fctzt durch Zusch\u00fcsse der Kommunen. Zudem wurde der Tierschutzverein Dachau e.V. Eigent\u00fcmer des gesamten Grundst\u00fccks von etwa 10.000 Quadratmetern, das zuvor dem Wasserwirtschaftsamt und der Stadt Dachau geh\u00f6rte.<\/span><\/p>\n<p><span style=\"font-size: large;\"><strong>2022\/2023 \u2013 Bezug des Multifunktionsbaus<\/strong><\/span><br \/><span style=\"font-size: large;\">2022\/2023 bezog der Verein einen neu errichteten Multifunktionsbau, der rund 1,5 Millionen Euro kostete. Zwischenzeitlich wurde auch der Speicher des Altbaus ausgebaut, begehbar gemacht, mit Fenstern versehen und ein neuer Treppenaufgang geschaffen. Die Kosten daf\u00fcr betrugen 200.000 Euro.<\/span><\/p>\n<p><span style=\"font-size: large;\"><strong>Weitere Investitionen<\/strong><\/span><br \/><span style=\"font-size: large;\">Zus\u00e4tzlich wurden drei Gehege f\u00fcr Nutztiere und V\u00f6gel errichtet, die Kosten hierf\u00fcr beliefen sich auf knapp 50.000 Euro.<\/span><\/p>\n<p>&nbsp;<\/p>\n<h3><strong>Idealismus und Eigenleistung als Erfolgsfaktoren<\/strong><\/h3>\n<p><span style=\"font-size: large;\">All diese Projekte wurden neben dem laufenden Betrieb und Unterhalt des Tierheims realisiert. Ohne extreme Eigenleistungen, strikte Sparma\u00dfnahmen und viel Idealismus w\u00e4re dies alles nicht m\u00f6glich gewesen. Im Laufe der Jahre stand der Verein immer wieder kurz vor der Insolvenz. Heute belaufen sich die j\u00e4hrlichen Ausgaben auf rund 850.000 Euro, w\u00e4hrend die Mitgliedsbeitr\u00e4ge j\u00e4hrlich etwa 30.000 Euro einbringen.<\/span><\/p>\n<p>[\/et_pb_text][\/et_pb_column][\/et_pb_row][\/et_pb_section]<\/p>\n","protected":false},"excerpt":{"rendered":"<p>Kurzchronik des Tierschutzvereins Dachau e.V. Juni 1981 \u2013 Gr\u00fcndung des VereinsIm Juni 1981 wurde der Tierschutzverein Dachau e.V. ins Leben gerufen, mit dem Ziel, den Tierschutz in der Region nachhaltig zu f\u00f6rdern. 1986 \u2013 1989: Bau des TierheimsZwischen 1986 und 1989 wurde das Tierheim Dachau errichtet. Die Baukosten beliefen sich auf etwa 1,3 Millionen DM, [&hellip;]<\/p>\n","protected":false},"author":5,"featured_media":0,"parent":0,"menu_order":0,"comment_status":"closed","ping_status":"closed","template":"","meta":{"_et_pb_use_builder":"on","_et_pb_old_content":"","_et_gb_content_width":"","inline_featured_image":false,"footnotes":""},"class_list":["post-1364","page","type-page","status-publish","hentry"],"_links":{"self":[{"href":"https:\/\/tierschutz.dachau.net\/index.php?rest_route=\/wp\/v2\/pages\/1364","targetHints":{"allow":["GET"]}}],"collection":[{"href":"https:\/\/tierschutz.dachau.net\/index.php?rest_route=\/wp\/v2\/pages"}],"about":[{"href":"https:\/\/tierschutz.dachau.net\/index.php?rest_route=\/wp\/v2\/types\/page"}],"author":[{"embeddable":true,"href":"https:\/\/tierschutz.dachau.net\/index.php?rest_route=\/wp\/v2\/users\/5"}],"replies":[{"embeddable":true,"href":"https:\/\/tierschutz.dachau.net\/index.php?rest_route=%2Fwp%2Fv2%2Fcomments&post=1364"}],"version-history":[{"count":7,"href":"https:\/\/tierschutz.dachau.net\/index.php?rest_route=\/wp\/v2\/pages\/1364\/revisions"}],"predecessor-version":[{"id":28407,"href":"https:\/\/tierschutz.dachau.net\/index.php?rest_route=\/wp\/v2\/pages\/1364\/revisions\/28407"}],"wp:attachment":[{"href":"https:\/\/tierschutz.dachau.net\/index.php?rest_route=%2Fwp%2Fv2%2Fmedia&parent=1364"}],"curies":[{"name":"wp","href":"https:\/\/api.w.org\/{rel}","templated":true}]}}